{"id":1221,"date":"2021-10-28T12:21:52","date_gmt":"2021-10-28T12:21:52","guid":{"rendered":"https:\/\/www.leinad.es\/contacte\/"},"modified":"2024-03-27T11:52:15","modified_gmt":"2024-03-27T11:52:15","slug":"contacte","status":"publish","type":"page","link":"https:\/\/www.leinad.es\/ca\/contacte\/","title":{"rendered":"Contacte"},"content":{"rendered":"<p>[et_pb_section fb_built=&#8221;1&#8243; _builder_version=&#8221;4.16&#8243; _module_preset=&#8221;default&#8221; custom_padding=&#8221;||1px|||&#8221; global_colors_info=&#8221;{}&#8221;][et_pb_row column_structure=&#8221;1_2,1_2&#8243; use_custom_gutter=&#8221;on&#8221; gutter_width=&#8221;1&#8243; make_equal=&#8221;on&#8221; _builder_version=&#8221;4.16&#8243; width=&#8221;100%&#8221; max_width=&#8221;100%&#8221; custom_padding=&#8221;0px||0px||true|false&#8221; global_colors_info=&#8221;{}&#8221;][et_pb_column type=&#8221;1_2&#8243; _builder_version=&#8221;4.16&#8243; global_colors_info=&#8221;{}&#8221;][et_pb_code _builder_version=&#8221;4.16&#8243; global_colors_info=&#8221;{}&#8221;]<iframe src=\"https:\/\/www.google.com\/maps\/embed?pb=!1m18!1m12!1m3!1d2993.3872568748834!2d2.0393055308870696!3d41.38739561751398!2m3!1f0!2f0!3f0!3m2!1i1024!2i768!4f13.1!3m3!1m2!1s0x0%3A0x81c0b26dab16f44d!2sLEINAD!5e0!3m2!1sca!2ses!4v1618403382637!5m2!1sca!2ses\" width=\"100%\" height=\"600\" style=\"border:0;\" allowfullscreen=\"\" loading=\"lazy\"><\/iframe>[\/et_pb_code][\/et_pb_column][et_pb_column type=&#8221;1_2&#8243; _builder_version=&#8221;4.16&#8243; custom_padding=&#8221;|5%|5%|5%|false|true&#8221; custom_padding_tablet=&#8221;30px||||false|true&#8221; custom_padding_phone=&#8221;30px||||false|true&#8221; custom_padding_last_edited=&#8221;on|tablet&#8221; global_colors_info=&#8221;{}&#8221;][et_pb_text _builder_version=&#8221;4.16&#8243; text_font=&#8221;|||on|||||&#8221; header_font=&#8221;|800||on|||||&#8221; header_text_color=&#8221;#000000&#8243; header_font_size=&#8221;44px&#8221; custom_margin=&#8221;||30px||false|false&#8221; global_colors_info=&#8221;{}&#8221;]<\/p>\n<h1>Contacte<\/h1>\n<p>[\/et_pb_text][et_pb_text _builder_version=&#8221;4.16&#8243; custom_margin=&#8221;||30px||false|false&#8221; global_colors_info=&#8221;{}&#8221;]<\/p>\n<h6>Contacta amb nosaltres<\/h6>\n<h2>Escriu-nos el teu missatge.<\/h2>\n<p>[\/et_pb_text][et_pb_code _builder_version=&#8221;4.16&#8243; _module_preset=&#8221;default&#8221; global_colors_info=&#8221;{}&#8221;]<div class=\"caldera-grid\" id=\"caldera_form_1\" data-cf-ver=\"1.9.4\" data-cf-form-id=\"CF607e7eb054a37\"><div id=\"caldera_notices_1\" data-spinner=\"https:\/\/www.leinad.es\/wp-admin\/images\/spinner.gif\"><\/div><form data-instance=\"1\" class=\"CF607e7eb054a37 caldera_forms_form cfajax-trigger\" method=\"POST\" enctype=\"multipart\/form-data\" id=\"CF607e7eb054a37_1\" data-form-id=\"CF607e7eb054a37\" aria-label=\"formulario contacto\" data-target=\"#caldera_notices_1\" data-template=\"#cfajax_CF607e7eb054a37-tmpl\" data-cfajax=\"CF607e7eb054a37\" data-load-element=\"_parent\" data-load-class=\"cf_processing\" data-post-disable=\"0\" data-action=\"cf_process_ajax_submit\" data-request=\"https:\/\/www.leinad.es\/ca\/\/cf-api\/CF607e7eb054a37\" data-hiderows=\"true\">\r\n<input type=\"hidden\" id=\"_cf_verify_CF607e7eb054a37\" name=\"_cf_verify\" value=\"af17ea084f\"  data-nonce-time=\"1776420918\" \/><input type=\"hidden\" name=\"_wp_http_referer\" value=\"\/ca\/wp-json\/wp\/v2\/pages\/1221\" \/><div id=\"cf2-CF607e7eb054a37_1\"><\/div><input type=\"hidden\" name=\"_cf_frm_id\" value=\"CF607e7eb054a37\">\r\n<input type=\"hidden\" name=\"_cf_frm_ct\" value=\"1\">\r\n<input type=\"hidden\" name=\"cfajax\" value=\"CF607e7eb054a37\">\r\n<input type=\"hidden\" name=\"_cf_cr_pst\" value=\"1221\">\r\n<div class=\"hide\" style=\"display:none; overflow:hidden;height:0;width:0;\">\r\n<label>Phone<\/label><input type=\"text\" name=\"phone\" value=\"\" autocomplete=\"off\">\r\n<\/div><div id=\"CF607e7eb054a37_1-row-1\"  class=\"row  first_row\"><div  class=\"col-sm-6  first_col\"><div data-field-wrapper=\"fld_8768091\" class=\"form-group\" id=\"fld_8768091_1-wrap\">\r\n\t<label id=\"fld_8768091Label\" for=\"fld_8768091_1\" class=\"control-label\">Nombre <span aria-hidden=\"true\" role=\"presentation\" class=\"field_required\" style=\"color:#ee0000;\">*<\/span><\/label>\r\n\t<div class=\"\">\r\n\t\t<input   required type=\"text\" data-field=\"fld_8768091\" class=\" form-control\" id=\"fld_8768091_1\" name=\"fld_8768091\" value=\"\" data-type=\"text\" aria-required=\"true\"   aria-labelledby=\"fld_8768091Label\" >\t\t\t<\/div>\r\n<\/div>\r\n<\/div><div  class=\"col-sm-6  last_col\"><div data-field-wrapper=\"fld_9970286\" class=\"form-group\" id=\"fld_9970286_1-wrap\">\r\n\t<label id=\"fld_9970286Label\" for=\"fld_9970286_1\" class=\"control-label\">Apellidos <span aria-hidden=\"true\" role=\"presentation\" class=\"field_required\" style=\"color:#ee0000;\">*<\/span><\/label>\r\n\t<div class=\"\">\r\n\t\t<input   required type=\"text\" data-field=\"fld_9970286\" class=\" form-control\" id=\"fld_9970286_1\" name=\"fld_9970286\" value=\"\" data-type=\"text\" aria-required=\"true\"   aria-labelledby=\"fld_9970286Label\" >\t\t\t<\/div>\r\n<\/div>\r\n<\/div><\/div><div id=\"CF607e7eb054a37_1-row-2\"  class=\"row \"><div  class=\"col-sm-6  first_col\"><div data-field-wrapper=\"fld_2370435\" class=\"form-group\" id=\"fld_2370435_1-wrap\">\r\n\t<label id=\"fld_2370435Label\" for=\"fld_2370435_1\" class=\"control-label\">Departamento <span aria-hidden=\"true\" role=\"presentation\" class=\"field_required\" style=\"color:#ee0000;\">*<\/span><\/label>\r\n\t<div class=\"\">\r\n\t\t<select name=\"fld_2370435\" value=\"opt1731415\" data-field=\"fld_2370435\" class=\"form-control\" id=\"fld_2370435_1\"  required=\"required\"  aria-labelledby=\"fld_2370435Label\" >\n\t\t\t\t\t\t\t<option value=\"Log\u00edstica y Servicios Promocionales\" selected=\"selected\" data-calc-value=\"Log\u00edstica y Servicios Promocionales\" >\n\t\t\t\t\t\tLog\u00edstica y Servicios Promocionales\t\t\t\t\t<\/option>\n\t\t\t\t\t\t\t\t\t\t<option value=\"Gesti\u00f3n Documental\"  data-calc-value=\"Gesti\u00f3n Documental\" >\n\t\t\t\t\t\tGesti\u00f3n Documental\t\t\t\t\t<\/option>\n\t\t\t\t\t\t\t\t\t\t<option value=\"Log\u00edstica para Ferias y Eventos\"  data-calc-value=\"Log\u00edstica para Ferias y Eventos\" >\n\t\t\t\t\t\tLog\u00edstica para Ferias y Eventos\t\t\t\t\t<\/option>\n\t\t\t\t\t\t\t\t\t\t<option value=\"Servicios log\u00edsticos para PYMEs \/ E-commerce\"  data-calc-value=\"Servicios log\u00edsticos para PYMEs \/ E-commerce\" >\n\t\t\t\t\t\tServicios log\u00edsticos para PYMEs \/ E-commerce\t\t\t\t\t<\/option>\n\t\t\t\t\t\t\t<\/select>\n\t\t\t<\/div>\r\n<\/div>\r\n<\/div><div  class=\"col-sm-6  last_col\"><div data-field-wrapper=\"fld_6009157\" class=\"form-group\" id=\"fld_6009157_1-wrap\">\r\n\t<label id=\"fld_6009157Label\" for=\"fld_6009157_1\" class=\"control-label\">Direcci\u00f3n de correo electr\u00f3nico <span aria-hidden=\"true\" role=\"presentation\" class=\"field_required\" style=\"color:#ee0000;\">*<\/span><\/label>\r\n\t<div class=\"\">\r\n\t\t<input   required type=\"email\" data-field=\"fld_6009157\" class=\" form-control\" id=\"fld_6009157_1\" name=\"fld_6009157\" value=\"\" data-type=\"email\" aria-required=\"true\"   aria-labelledby=\"fld_6009157Label\" >\t\t\t<\/div>\r\n<\/div>\r\n<\/div><\/div><div id=\"CF607e7eb054a37_1-row-3\"  class=\"row \"><div  class=\"col-sm-12  single\"><div data-field-wrapper=\"fld_7683514\" class=\"form-group\" id=\"fld_7683514_1-wrap\">\r\n\t<label id=\"fld_7683514Label\" for=\"fld_7683514_1\" class=\"control-label\">Comentarios \/ Preguntas <span aria-hidden=\"true\" role=\"presentation\" class=\"field_required\" style=\"color:#ee0000;\">*<\/span><\/label>\r\n\t<div class=\"\">\r\n\t\t<textarea name=\"fld_7683514\" value=\"\" data-field=\"fld_7683514\" class=\"form-control\" id=\"fld_7683514_1\" rows=\"7\" maxlength=\"600\"  required=\"required\"  aria-labelledby=\"fld_7683514Label\" ><\/textarea>\n\t\t\t<\/div>\r\n<\/div>\r\n<\/div><\/div><div id=\"CF607e7eb054a37_1-row-4\"  class=\"row \"><div  class=\"col-sm-12  single\"><div data-field-wrapper=\"fld_2313745\" class=\"form-group\" id=\"fld_2313745_1-wrap\">\r\n<div class=\"\">\r\n\n<div class=\"checkbox-inline caldera-forms-consent-field\">\n    <input data-parsley-required=\"true\" data-parsley-group=\"fld_2313745_1\" data-parsley-multiple=\"fld_2313745_1\"        type=\"checkbox\" data-label=\"Privacidad\"\n        data-field=\"fld_2313745\"\n        id=\"fld_2313745_1\"\n        class=\"fld_2313745_1 option-required\"\n        name=\"fld_2313745\"\n        value=\"1\"\n        data-type=\"checkbox\"\n        data-checkbox-field=\"fld_2313745_1\"\n    >\n    <label for=\"fld_2313745_1\"\n           class=\"caldera-forms-gdpr-field-label\"\n           style=\"display:inline; margin-left: 0.5rem;\"\n    >\n                <p\n            class=\"caldera-forms-consent-field-agreement\"\n        >\n            He le\u00eddo y acepto la        <\/p>\n        <a href=\"https:\/\/www.leinad.es\/politica-privacidad\/\"\n           target=\"_blank\"\n                title=\"Privacy Policy Page\"\n            class=\"caldera-forms-consent-field-linked_text\"\n            >\n            Pol\u00edtica de privacidad        <\/a>\n    <\/label>\n    <span style=\"color:#ff0000;\">*<\/span>\n<\/div>\n\n<\/div>\r\n<\/div>\r\n<\/div><\/div><div id=\"CF607e7eb054a37_1-row-5\"  class=\"row  last_row\"><div  class=\"col-sm-12  single\"><div data-field-wrapper=\"fld_7908577\" class=\"form-group\" id=\"fld_7908577_1-wrap\">\r\n<div class=\"\">\r\n\t<input  class=\"btn btn-default\" type=\"submit\" name=\"fld_7908577\" id=\"fld_7908577_1\" value=\"Enviar mensaje\" data-field=\"fld_7908577\"  >\n<\/div>\r\n<\/div>\r\n\t<input class=\"button_trigger_1\" type=\"hidden\" name=\"fld_7908577\" id=\"fld_7908577_1_btn\" value=\"\" data-field=\"fld_7908577\"  \/>\n<\/div><\/div><\/form>\r\n<\/div>\r\n[\/et_pb_code][et_pb_code _builder_version=&#8221;4.16&#8243; _module_preset=&#8221;default&#8221; global_colors_info=&#8221;{}&#8221;]<script type=\"text\/javascript\"><!-- [et_pb_line_break_holder] -->jQuery(function () {<!-- [et_pb_line_break_holder] -->\tjQuery(\"#fld_7683514Label\").after( \"<span class='textAreaLimit'>0 \/ 600<\/span>\" );<!-- [et_pb_line_break_holder] -->    jQuery(\"#fld_7683514_1\").on('keyup', function () {<!-- [et_pb_line_break_holder] -->        \tvar max = this.getAttribute(\"maxlength\");<!-- [et_pb_line_break_holder] -->            len = this.value.length;<!-- [et_pb_line_break_holder] -->            jQuery(\".textAreaLimit\").text(len + \" \/ \"+ max);<!-- [et_pb_line_break_holder] -->    });<!-- [et_pb_line_break_holder] -->});<!-- [et_pb_line_break_holder] --><\/script>[\/et_pb_code][\/et_pb_column][\/et_pb_row][et_pb_row column_structure=&#8221;1_4,1_4,1_4,1_4&#8243; use_custom_gutter=&#8221;on&#8221; make_equal=&#8221;on&#8221; _builder_version=&#8221;4.16&#8243; max_width=&#8221;1200px&#8221; custom_padding=&#8221;||89px|||&#8221; global_colors_info=&#8221;{}&#8221;][et_pb_column type=&#8221;1_4&#8243; _builder_version=&#8221;4.16&#8243; global_colors_info=&#8221;{}&#8221;][et_pb_blurb title=&#8221;Adre\u00e7a&#8221; use_icon=&#8221;on&#8221; font_icon=&#8221;&#xe081;||divi||400&#8243; icon_color=&#8221;#015291&#8243; image_icon_width=&#8221;50px&#8221; icon_alignment=&#8221;left&#8221; _builder_version=&#8221;4.21.0&#8243; icon_font_size=&#8221;50px&#8221; global_colors_info=&#8221;{}&#8221;]<\/p>\n<p><span>C\/ Sant Josep, 133-135,\u00a0 \u00a0 \u00a0 \u00a0 \u00a0 \u00a0 \u00a0 <\/span><span>P.I. <\/span><span style=\"font-size: 16px;\">El Pla, 08980,\u00a0 \u00a0 \u00a0 \u00a0 \u00a0 \u00a0 \u00a0 \u00a0 \u00a0 \u00a0Sant Feliu de Llobregat<\/span><\/p>\n<p>[\/et_pb_blurb][\/et_pb_column][et_pb_column type=&#8221;1_4&#8243; _builder_version=&#8221;4.16&#8243; global_colors_info=&#8221;{}&#8221;][et_pb_blurb title=&#8221;Truca&#8217;ns&#8221; use_icon=&#8221;on&#8221; font_icon=&#8221;&#xe090;||divi||400&#8243; icon_color=&#8221;#015291&#8243; image_icon_width=&#8221;50px&#8221; icon_alignment=&#8221;left&#8221; _builder_version=&#8221;4.16&#8243; icon_font_size=&#8221;50px&#8221; global_colors_info=&#8221;{}&#8221;]<\/p>\n<p>Tel. 93 335 79 51<br \/>Fax. 93 335 31 60<\/p>\n<p>[\/et_pb_blurb][\/et_pb_column][et_pb_column type=&#8221;1_4&#8243; _builder_version=&#8221;4.16&#8243; global_colors_info=&#8221;{}&#8221;][et_pb_blurb title=&#8221;Mail &#8221; use_icon=&#8221;on&#8221; font_icon=&#8221;&#xe076;||divi||400&#8243; icon_color=&#8221;#015291&#8243; image_icon_width=&#8221;50px&#8221; icon_alignment=&#8221;left&#8221; _builder_version=&#8221;4.16&#8243; icon_font_size=&#8221;50px&#8221; global_colors_info=&#8221;{}&#8221;]<\/p>\n<p>info@leinad.es<\/p>\n<p>[\/et_pb_blurb][\/et_pb_column][et_pb_column type=&#8221;1_4&#8243; _builder_version=&#8221;4.16&#8243; global_colors_info=&#8221;{}&#8221;][et_pb_blurb title=&#8221;Horari&#8221; use_icon=&#8221;on&#8221; font_icon=&#8221;&#xe06b;||divi||400&#8243; icon_color=&#8221;#015291&#8243; image_icon_width=&#8221;50px&#8221; icon_alignment=&#8221;left&#8221; _builder_version=&#8221;4.16&#8243; icon_font_size=&#8221;50px&#8221; global_colors_info=&#8221;{}&#8221;]<\/p>\n<p>Lun-Jue: 8.00 &#8211; 18.00<br \/>Vie: 8.00 &#8211; 14.00<\/p>\n<p>[\/et_pb_blurb][\/et_pb_column][\/et_pb_row][\/et_pb_section]<\/p>\n","protected":false},"excerpt":{"rendered":"<p>ContacteContacta amb nosaltres Escriu-nos el teu missatge.<div class=\"caldera-grid\" id=\"caldera_form_2\" data-cf-ver=\"1.9.4\" data-cf-form-id=\"CF607e7eb054a37\"><div id=\"caldera_notices_2\" data-spinner=\"https:\/\/www.leinad.es\/wp-admin\/images\/spinner.gif\"><\/div><form data-instance=\"2\" class=\"CF607e7eb054a37 caldera_forms_form cfajax-trigger\" method=\"POST\" enctype=\"multipart\/form-data\" id=\"CF607e7eb054a37_2\" data-form-id=\"CF607e7eb054a37\" aria-label=\"formulario contacto\" data-target=\"#caldera_notices_2\" data-template=\"#cfajax_CF607e7eb054a37-tmpl\" data-cfajax=\"CF607e7eb054a37\" data-load-element=\"_parent\" data-load-class=\"cf_processing\" data-post-disable=\"0\" data-action=\"cf_process_ajax_submit\" data-request=\"https:\/\/www.leinad.es\/ca\/\/cf-api\/CF607e7eb054a37\" data-hiderows=\"true\">\r\n<input type=\"hidden\" id=\"_cf_verify_CF607e7eb054a37\" name=\"_cf_verify\" value=\"af17ea084f\"  data-nonce-time=\"1776420918\" \/><input type=\"hidden\" name=\"_wp_http_referer\" value=\"\/ca\/wp-json\/wp\/v2\/pages\/1221\" \/><div id=\"cf2-CF607e7eb054a37_2\"><\/div><input type=\"hidden\" name=\"_cf_frm_id\" value=\"CF607e7eb054a37\">\r\n<input type=\"hidden\" name=\"_cf_frm_ct\" value=\"2\">\r\n<input type=\"hidden\" name=\"cfajax\" value=\"CF607e7eb054a37\">\r\n<input type=\"hidden\" name=\"_cf_cr_pst\" value=\"1221\">\r\n<div class=\"hide\" style=\"display:none; overflow:hidden;height:0;width:0;\">\r\n<label>Nom<\/label><input type=\"text\" name=\"name\" value=\"\" autocomplete=\"off\">\r\n<\/div><div id=\"CF607e7eb054a37_2-row-1\"  class=\"row  first_row\"><div  class=\"col-sm-6  first_col\"><div data-field-wrapper=\"fld_8768091\" class=\"form-group\" id=\"fld_8768091_2-wrap\">\r\n\t<label id=\"fld_8768091Label\" for=\"fld_8768091_2\" class=\"control-label\">Nombre <span aria-hidden=\"true\" role=\"presentation\" class=\"field_required\" style=\"color:#ee0000;\">*<\/span><\/label>\r\n\t<div class=\"\">\r\n\t\t<input   required type=\"text\" data-field=\"fld_8768091\" class=\" form-control\" id=\"fld_8768091_2\" name=\"fld_8768091\" value=\"\" data-type=\"text\" aria-required=\"true\"   aria-labelledby=\"fld_8768091Label\" >\t\t\t<\/div>\r\n<\/div>\r\n<\/div><div  class=\"col-sm-6  last_col\"><div data-field-wrapper=\"fld_9970286\" class=\"form-group\" id=\"fld_9970286_2-wrap\">\r\n\t<label id=\"fld_9970286Label\" for=\"fld_9970286_2\" class=\"control-label\">Apellidos <span aria-hidden=\"true\" role=\"presentation\" class=\"field_required\" style=\"color:#ee0000;\">*<\/span><\/label>\r\n\t<div class=\"\">\r\n\t\t<input   required type=\"text\" data-field=\"fld_9970286\" class=\" form-control\" id=\"fld_9970286_2\" name=\"fld_9970286\" value=\"\" data-type=\"text\" aria-required=\"true\"   aria-labelledby=\"fld_9970286Label\" >\t\t\t<\/div>\r\n<\/div>\r\n<\/div><\/div><div id=\"CF607e7eb054a37_2-row-2\"  class=\"row \"><div  class=\"col-sm-6  first_col\"><div data-field-wrapper=\"fld_2370435\" class=\"form-group\" id=\"fld_2370435_2-wrap\">\r\n\t<label id=\"fld_2370435Label\" for=\"fld_2370435_2\" class=\"control-label\">Departamento <span aria-hidden=\"true\" role=\"presentation\" class=\"field_required\" style=\"color:#ee0000;\">*<\/span><\/label>\r\n\t<div class=\"\">\r\n\t\t<select name=\"fld_2370435\" value=\"opt1731415\" data-field=\"fld_2370435\" class=\"form-control\" id=\"fld_2370435_2\"  required=\"required\"  aria-labelledby=\"fld_2370435Label\" >\n\t\t\t\t\t\t\t<option value=\"Log\u00edstica y Servicios Promocionales\" selected=\"selected\" data-calc-value=\"Log\u00edstica y Servicios Promocionales\" >\n\t\t\t\t\t\tLog\u00edstica y Servicios Promocionales\t\t\t\t\t<\/option>\n\t\t\t\t\t\t\t\t\t\t<option value=\"Gesti\u00f3n Documental\"  data-calc-value=\"Gesti\u00f3n Documental\" >\n\t\t\t\t\t\tGesti\u00f3n Documental\t\t\t\t\t<\/option>\n\t\t\t\t\t\t\t\t\t\t<option value=\"Log\u00edstica para Ferias y Eventos\"  data-calc-value=\"Log\u00edstica para Ferias y Eventos\" >\n\t\t\t\t\t\tLog\u00edstica para Ferias y Eventos\t\t\t\t\t<\/option>\n\t\t\t\t\t\t\t\t\t\t<option value=\"Servicios log\u00edsticos para PYMEs \/ E-commerce\"  data-calc-value=\"Servicios log\u00edsticos para PYMEs \/ E-commerce\" >\n\t\t\t\t\t\tServicios log\u00edsticos para PYMEs \/ E-commerce\t\t\t\t\t<\/option>\n\t\t\t\t\t\t\t<\/select>\n\t\t\t<\/div>\r\n<\/div>\r\n<\/div><div  class=\"col-sm-6  last_col\"><div data-field-wrapper=\"fld_6009157\" class=\"form-group\" id=\"fld_6009157_2-wrap\">\r\n\t<label id=\"fld_6009157Label\" for=\"fld_6009157_2\" class=\"control-label\">Direcci\u00f3n de correo electr\u00f3nico <span aria-hidden=\"true\" role=\"presentation\" class=\"field_required\" style=\"color:#ee0000;\">*<\/span><\/label>\r\n\t<div class=\"\">\r\n\t\t<input   required type=\"email\" data-field=\"fld_6009157\" class=\" form-control\" id=\"fld_6009157_2\" name=\"fld_6009157\" value=\"\" data-type=\"email\" aria-required=\"true\"   aria-labelledby=\"fld_6009157Label\" >\t\t\t<\/div>\r\n<\/div>\r\n<\/div><\/div><div id=\"CF607e7eb054a37_2-row-3\"  class=\"row \"><div  class=\"col-sm-12  single\"><div data-field-wrapper=\"fld_7683514\" class=\"form-group\" id=\"fld_7683514_2-wrap\">\r\n\t<label id=\"fld_7683514Label\" for=\"fld_7683514_2\" class=\"control-label\">Comentarios \/ Preguntas <span aria-hidden=\"true\" role=\"presentation\" class=\"field_required\" style=\"color:#ee0000;\">*<\/span><\/label>\r\n\t<div class=\"\">\r\n\t\t<textarea name=\"fld_7683514\" value=\"\" data-field=\"fld_7683514\" class=\"form-control\" id=\"fld_7683514_2\" rows=\"7\" maxlength=\"600\"  required=\"required\"  aria-labelledby=\"fld_7683514Label\" ><\/textarea>\n\t\t\t<\/div>\r\n<\/div>\r\n<\/div><\/div><div id=\"CF607e7eb054a37_2-row-4\"  class=\"row \"><div  class=\"col-sm-12  single\"><div data-field-wrapper=\"fld_2313745\" class=\"form-group\" id=\"fld_2313745_2-wrap\">\r\n<div class=\"\">\r\n\n<div class=\"checkbox-inline caldera-forms-consent-field\">\n    <input data-parsley-required=\"true\" data-parsley-group=\"fld_2313745_2\" data-parsley-multiple=\"fld_2313745_2\"        type=\"checkbox\" data-label=\"Privacidad\"\n        data-field=\"fld_2313745\"\n        id=\"fld_2313745_2\"\n        class=\"fld_2313745_2 option-required\"\n        name=\"fld_2313745\"\n        value=\"1\"\n        data-type=\"checkbox\"\n        data-checkbox-field=\"fld_2313745_2\"\n    >\n    <label for=\"fld_2313745_2\"\n           class=\"caldera-forms-gdpr-field-label\"\n           style=\"display:inline; margin-left: 0.5rem;\"\n    >\n                <p\n            class=\"caldera-forms-consent-field-agreement\"\n        >\n            He le\u00eddo y acepto la        <\/p>\n        <a href=\"https:\/\/www.leinad.es\/politica-privacidad\/\"\n           target=\"_blank\"\n                title=\"Privacy Policy Page\"\n            class=\"caldera-forms-consent-field-linked_text\"\n            >\n            Pol\u00edtica de privacidad        <\/a>\n    <\/label>\n    <span style=\"color:#ff0000;\">*<\/span>\n<\/div>\n\n<\/div>\r\n<\/div>\r\n<\/div><\/div><div id=\"CF607e7eb054a37_2-row-5\"  class=\"row  last_row\"><div  class=\"col-sm-12  single\"><div data-field-wrapper=\"fld_7908577\" class=\"form-group\" id=\"fld_7908577_2-wrap\">\r\n<div class=\"\">\r\n\t<input  class=\"btn btn-default\" type=\"submit\" name=\"fld_7908577\" id=\"fld_7908577_2\" value=\"Enviar mensaje\" data-field=\"fld_7908577\"  >\n<\/div>\r\n<\/div>\r\n\t<input class=\"button_trigger_2\" type=\"hidden\" name=\"fld_7908577\" id=\"fld_7908577_2_btn\" value=\"\" data-field=\"fld_7908577\"  \/>\n<\/div><\/div><\/form>\r\n<\/div>\r\nC\/ Sant Josep, 133-135,\u00a0 \u00a0 \u00a0 \u00a0 \u00a0 \u00a0 \u00a0 P.I. El Pla, 08980,\u00a0 \u00a0 \u00a0 \u00a0 \u00a0 \u00a0 \u00a0 \u00a0 \u00a0 \u00a0Sant Feliu de LlobregatTel. 93 335 79 51Fax. 93 335 31 60info@leinad.esLun-Jue: 8.00 &#8211; 18.00Vie: 8.00 &#8211; 14.00<\/p>\n","protected":false},"author":1,"featured_media":0,"parent":0,"menu_order":0,"comment_status":"closed","ping_status":"closed","template":"","meta":{"_et_pb_use_builder":"on","_et_pb_old_content":"","_et_gb_content_width":""},"acf":[],"yoast_head":"<!-- This site is optimized with the Yoast SEO plugin v20.6 - https:\/\/yoast.com\/wordpress\/plugins\/seo\/ -->\n<title>P\u00e0gina de Contacte - Leinad<\/title>\n<meta name=\"description\" content=\"Posa&#039;t en contacte amb nosaltres i et respondrem el m\u00e9s r\u00e0pidament possible. Pots enviar-nos el teu missatge a trav\u00e9s del formulari.\" \/>\n<meta name=\"robots\" content=\"index, follow, max-snippet:-1, max-image-preview:large, max-video-preview:-1\" \/>\n<link rel=\"canonical\" href=\"https:\/\/www.leinad.es\/ca\/contacte\/\" \/>\n<meta property=\"og:locale\" content=\"ca_ES\" \/>\n<meta property=\"og:type\" content=\"article\" \/>\n<meta property=\"og:title\" content=\"P\u00e0gina de Contacte - Leinad\" \/>\n<meta property=\"og:description\" content=\"Posa&#039;t en contacte amb nosaltres i et respondrem el m\u00e9s r\u00e0pidament possible. Pots enviar-nos el teu missatge a trav\u00e9s del formulari.\" \/>\n<meta property=\"og:url\" content=\"https:\/\/www.leinad.es\/ca\/contacte\/\" \/>\n<meta property=\"og:site_name\" content=\"Leinad\" \/>\n<meta property=\"article:modified_time\" content=\"2024-03-27T11:52:15+00:00\" \/>\n<meta name=\"twitter:card\" content=\"summary_large_image\" \/>\n<meta name=\"twitter:label1\" content=\"Temps estimat de lectura\" \/>\n\t<meta name=\"twitter:data1\" content=\"2 minuts\" \/>\n<script type=\"application\/ld+json\" class=\"yoast-schema-graph\">{\"@context\":\"https:\/\/schema.org\",\"@graph\":[{\"@type\":\"WebPage\",\"@id\":\"https:\/\/www.leinad.es\/ca\/contacte\/\",\"url\":\"https:\/\/www.leinad.es\/ca\/contacte\/\",\"name\":\"P\u00e0gina de Contacte - Leinad\",\"isPartOf\":{\"@id\":\"https:\/\/www.leinad.es\/ca\/#website\"},\"datePublished\":\"2021-10-28T12:21:52+00:00\",\"dateModified\":\"2024-03-27T11:52:15+00:00\",\"description\":\"Posa't en contacte amb nosaltres i et respondrem el m\u00e9s r\u00e0pidament possible. Pots enviar-nos el teu missatge a trav\u00e9s del formulari.\",\"breadcrumb\":{\"@id\":\"https:\/\/www.leinad.es\/ca\/contacte\/#breadcrumb\"},\"inLanguage\":\"ca\",\"potentialAction\":[{\"@type\":\"ReadAction\",\"target\":[\"https:\/\/www.leinad.es\/ca\/contacte\/\"]}]},{\"@type\":\"BreadcrumbList\",\"@id\":\"https:\/\/www.leinad.es\/ca\/contacte\/#breadcrumb\",\"itemListElement\":[{\"@type\":\"ListItem\",\"position\":1,\"name\":\"Portada\",\"item\":\"https:\/\/www.leinad.es\/ca\/\"},{\"@type\":\"ListItem\",\"position\":2,\"name\":\"Contacte\"}]},{\"@type\":\"WebSite\",\"@id\":\"https:\/\/www.leinad.es\/ca\/#website\",\"url\":\"https:\/\/www.leinad.es\/ca\/\",\"name\":\"Leinad\",\"description\":\"Wordpress base LTW\",\"potentialAction\":[{\"@type\":\"SearchAction\",\"target\":{\"@type\":\"EntryPoint\",\"urlTemplate\":\"https:\/\/www.leinad.es\/ca\/?s={search_term_string}\"},\"query-input\":\"required name=search_term_string\"}],\"inLanguage\":\"ca\"}]}<\/script>\n<!-- \/ Yoast SEO plugin. -->","yoast_head_json":{"title":"P\u00e0gina de Contacte - Leinad","description":"Posa't en contacte amb nosaltres i et respondrem el m\u00e9s r\u00e0pidament possible. Pots enviar-nos el teu missatge a trav\u00e9s del formulari.","robots":{"index":"index","follow":"follow","max-snippet":"max-snippet:-1","max-image-preview":"max-image-preview:large","max-video-preview":"max-video-preview:-1"},"canonical":"https:\/\/www.leinad.es\/ca\/contacte\/","og_locale":"ca_ES","og_type":"article","og_title":"P\u00e0gina de Contacte - Leinad","og_description":"Posa't en contacte amb nosaltres i et respondrem el m\u00e9s r\u00e0pidament possible. Pots enviar-nos el teu missatge a trav\u00e9s del formulari.","og_url":"https:\/\/www.leinad.es\/ca\/contacte\/","og_site_name":"Leinad","article_modified_time":"2024-03-27T11:52:15+00:00","twitter_card":"summary_large_image","twitter_misc":{"Temps estimat de lectura":"2 minuts"},"schema":{"@context":"https:\/\/schema.org","@graph":[{"@type":"WebPage","@id":"https:\/\/www.leinad.es\/ca\/contacte\/","url":"https:\/\/www.leinad.es\/ca\/contacte\/","name":"P\u00e0gina de Contacte - Leinad","isPartOf":{"@id":"https:\/\/www.leinad.es\/ca\/#website"},"datePublished":"2021-10-28T12:21:52+00:00","dateModified":"2024-03-27T11:52:15+00:00","description":"Posa't en contacte amb nosaltres i et respondrem el m\u00e9s r\u00e0pidament possible. Pots enviar-nos el teu missatge a trav\u00e9s del formulari.","breadcrumb":{"@id":"https:\/\/www.leinad.es\/ca\/contacte\/#breadcrumb"},"inLanguage":"ca","potentialAction":[{"@type":"ReadAction","target":["https:\/\/www.leinad.es\/ca\/contacte\/"]}]},{"@type":"BreadcrumbList","@id":"https:\/\/www.leinad.es\/ca\/contacte\/#breadcrumb","itemListElement":[{"@type":"ListItem","position":1,"name":"Portada","item":"https:\/\/www.leinad.es\/ca\/"},{"@type":"ListItem","position":2,"name":"Contacte"}]},{"@type":"WebSite","@id":"https:\/\/www.leinad.es\/ca\/#website","url":"https:\/\/www.leinad.es\/ca\/","name":"Leinad","description":"Wordpress base LTW","potentialAction":[{"@type":"SearchAction","target":{"@type":"EntryPoint","urlTemplate":"https:\/\/www.leinad.es\/ca\/?s={search_term_string}"},"query-input":"required name=search_term_string"}],"inLanguage":"ca"}]}},"_links":{"self":[{"href":"https:\/\/www.leinad.es\/ca\/wp-json\/wp\/v2\/pages\/1221"}],"collection":[{"href":"https:\/\/www.leinad.es\/ca\/wp-json\/wp\/v2\/pages"}],"about":[{"href":"https:\/\/www.leinad.es\/ca\/wp-json\/wp\/v2\/types\/page"}],"author":[{"embeddable":true,"href":"https:\/\/www.leinad.es\/ca\/wp-json\/wp\/v2\/users\/1"}],"replies":[{"embeddable":true,"href":"https:\/\/www.leinad.es\/ca\/wp-json\/wp\/v2\/comments?post=1221"}],"version-history":[{"count":11,"href":"https:\/\/www.leinad.es\/ca\/wp-json\/wp\/v2\/pages\/1221\/revisions"}],"predecessor-version":[{"id":1522,"href":"https:\/\/www.leinad.es\/ca\/wp-json\/wp\/v2\/pages\/1221\/revisions\/1522"}],"wp:attachment":[{"href":"https:\/\/www.leinad.es\/ca\/wp-json\/wp\/v2\/media?parent=1221"}],"curies":[{"name":"wp","href":"https:\/\/api.w.org\/{rel}","templated":true}]}}