{"id":1234,"date":"2021-10-28T12:37:37","date_gmt":"2021-10-28T12:37:37","guid":{"rendered":"https:\/\/www.leinad.es\/nota-legal\/"},"modified":"2021-11-04T13:47:13","modified_gmt":"2021-11-04T13:47:13","slug":"nota-legal","status":"publish","type":"page","link":"https:\/\/www.leinad.es\/ca\/nota-legal\/","title":{"rendered":"Nota legal"},"content":{"rendered":"<p>[et_pb_section fb_built=&#8221;1&#8243; admin_label=&#8221;section&#8221; _builder_version=&#8221;3.22&#8243;][et_pb_row admin_label=&#8221;row&#8221; _builder_version=&#8221;4.4.6&#8243; background_size=&#8221;initial&#8221; background_position=&#8221;top_left&#8221; background_repeat=&#8221;repeat&#8221; width=&#8221;60%&#8221; width_tablet=&#8221;80%&#8221; width_phone=&#8221;90%&#8221; width_last_edited=&#8221;on|phone&#8221;][et_pb_column type=&#8221;4_4&#8243; _builder_version=&#8221;3.25&#8243; custom_padding=&#8221;|||&#8221; custom_padding__hover=&#8221;|||&#8221;][et_pb_text admin_label=&#8221;Text&#8221; _builder_version=&#8221;4.9.3&#8243; header_line_height=&#8221;1.8em&#8221; background_size=&#8221;initial&#8221; background_position=&#8221;top_left&#8221; background_repeat=&#8221;repeat&#8221;]<\/p>\n<h1 class=%22mt-0%22>Nota Legal<\/h1>\n<p><strong>Dades fiscals<\/strong><\/p>\n<ul>\n<li>Titular: LEINAD, S.A.<\/li>\n<li>NIF: A58130485<\/li>\n<li>Adre\u00e7a: C\/Industria 25-27 Pol. Ind. El Pla, 08980 Sant Feliu de Llobregat<\/li>\n<li>Tel\u00e8fon: 93 335 79 51<\/li>\n<\/ul>\n<p><strong>Protecci\u00f3 de dades personals<\/strong><\/p>\n<p>Les dades de car\u00e0cter personal que es recullen a trav\u00e9s de la p\u00e0gina web, s\u00f3n \u00fanicament utilitzats a l&#8217;efecte de prestar els serveis sol\u00b7licitats aix\u00ed com procedir a la facturaci\u00f3 d&#8217;aquests. Les seves dades seran situades en fitxers titularitat de LEINAD, S. a. a l&#8217;efecte de facturaci\u00f3 i seran arxivats pel per\u00edode de temps legalment necessari. Vost\u00e8 podr\u00e0 exercir els drets d&#8217;acc\u00e9s, rectificaci\u00f3, cancel\u00b7laci\u00f3 i oposici\u00f3 per escrit a LEINAD, S. a. en C\/Ind\u00fastria 25-27 Pol. Ind. El Pla, 08980 Sant Feliu de Llobregat.<\/p>\n<p><strong>Propietat intel\u00b7lectual i responsabilitat sobre els continguts<\/strong><\/p>\n<p>Queda prohibit qualsevol \u00fas de tots els continguts de la p\u00e0gina web, concretament sobre els textos, disseny i codi font, sense l&#8217;autoritzaci\u00f3 expressa dels seus titulars. Qualsevol \u00fas no perm\u00e8s ser\u00e0 degudament perseguit pels leg\u00edtims propietaris.<\/p>\n<p>El titular de la p\u00e0gina web no es fa responsable dels continguts als quals es dirigeixen els enlla\u00e7os situats en aquesta, segons el que estableix l&#8217;article 17 de la LSSICE.<\/p>\n<p>[\/et_pb_text][\/et_pb_column][\/et_pb_row][\/et_pb_section]<\/p>\n","protected":false},"excerpt":{"rendered":"<p>Nota Legal Dades fiscals Titular: LEINAD, S.A. NIF: A58130485 Adre\u00e7a: C\/Industria 25-27 Pol. Ind. El Pla, 08980 Sant Feliu de Llobregat Tel\u00e8fon: 93 335 79 51 Protecci\u00f3 de dades personals Les dades de car\u00e0cter personal que es recullen a trav\u00e9s de la p\u00e0gina web, s\u00f3n \u00fanicament utilitzats a l&#8217;efecte de prestar els serveis sol\u00b7licitats aix\u00ed [&hellip;]<\/p>\n","protected":false},"author":1,"featured_media":0,"parent":0,"menu_order":0,"comment_status":"closed","ping_status":"closed","template":"","meta":{"_et_pb_use_builder":"on","_et_pb_old_content":"","_et_gb_content_width":""},"acf":[],"yoast_head":"<!-- This site is optimized with the Yoast SEO plugin v20.6 - https:\/\/yoast.com\/wordpress\/plugins\/seo\/ -->\n<title>Nota legal: Protecci\u00f3 de dades personals i Propietat intel\u00b7lectual - Leinad<\/title>\n<meta name=\"description\" content=\"Protecci\u00f3 de dades personals, Propietat intel\u00b7lectual i responsabilitat sobre els continguts de la present web.\" \/>\n<meta name=\"robots\" content=\"index, follow, max-snippet:-1, max-image-preview:large, max-video-preview:-1\" \/>\n<link rel=\"canonical\" href=\"https:\/\/www.leinad.es\/ca\/nota-legal\/\" \/>\n<meta property=\"og:locale\" content=\"ca_ES\" \/>\n<meta property=\"og:type\" content=\"article\" \/>\n<meta property=\"og:title\" content=\"Nota legal: Protecci\u00f3 de dades personals i Propietat intel\u00b7lectual - Leinad\" \/>\n<meta property=\"og:description\" content=\"Protecci\u00f3 de dades personals, Propietat intel\u00b7lectual i responsabilitat sobre els continguts de la present web.\" \/>\n<meta property=\"og:url\" content=\"https:\/\/www.leinad.es\/ca\/nota-legal\/\" \/>\n<meta property=\"og:site_name\" content=\"Leinad\" \/>\n<meta property=\"article:modified_time\" content=\"2021-11-04T13:47:13+00:00\" \/>\n<meta name=\"twitter:card\" content=\"summary_large_image\" \/>\n<meta name=\"twitter:label1\" content=\"Temps estimat de lectura\" \/>\n\t<meta name=\"twitter:data1\" content=\"1 minut\" \/>\n<script type=\"application\/ld+json\" class=\"yoast-schema-graph\">{\"@context\":\"https:\/\/schema.org\",\"@graph\":[{\"@type\":\"WebPage\",\"@id\":\"https:\/\/www.leinad.es\/ca\/nota-legal\/\",\"url\":\"https:\/\/www.leinad.es\/ca\/nota-legal\/\",\"name\":\"Nota legal: Protecci\u00f3 de dades personals i Propietat intel\u00b7lectual - Leinad\",\"isPartOf\":{\"@id\":\"https:\/\/www.leinad.es\/ca\/#website\"},\"datePublished\":\"2021-10-28T12:37:37+00:00\",\"dateModified\":\"2021-11-04T13:47:13+00:00\",\"description\":\"Protecci\u00f3 de dades personals, Propietat intel\u00b7lectual i responsabilitat sobre els continguts de la present web.\",\"breadcrumb\":{\"@id\":\"https:\/\/www.leinad.es\/ca\/nota-legal\/#breadcrumb\"},\"inLanguage\":\"ca\",\"potentialAction\":[{\"@type\":\"ReadAction\",\"target\":[\"https:\/\/www.leinad.es\/ca\/nota-legal\/\"]}]},{\"@type\":\"BreadcrumbList\",\"@id\":\"https:\/\/www.leinad.es\/ca\/nota-legal\/#breadcrumb\",\"itemListElement\":[{\"@type\":\"ListItem\",\"position\":1,\"name\":\"Portada\",\"item\":\"https:\/\/www.leinad.es\/ca\/\"},{\"@type\":\"ListItem\",\"position\":2,\"name\":\"Nota legal\"}]},{\"@type\":\"WebSite\",\"@id\":\"https:\/\/www.leinad.es\/ca\/#website\",\"url\":\"https:\/\/www.leinad.es\/ca\/\",\"name\":\"Leinad\",\"description\":\"Wordpress base LTW\",\"potentialAction\":[{\"@type\":\"SearchAction\",\"target\":{\"@type\":\"EntryPoint\",\"urlTemplate\":\"https:\/\/www.leinad.es\/ca\/?s={search_term_string}\"},\"query-input\":\"required name=search_term_string\"}],\"inLanguage\":\"ca\"}]}<\/script>\n<!-- \/ Yoast SEO plugin. -->","yoast_head_json":{"title":"Nota legal: Protecci\u00f3 de dades personals i Propietat intel\u00b7lectual - Leinad","description":"Protecci\u00f3 de dades personals, Propietat intel\u00b7lectual i responsabilitat sobre els continguts de la present web.","robots":{"index":"index","follow":"follow","max-snippet":"max-snippet:-1","max-image-preview":"max-image-preview:large","max-video-preview":"max-video-preview:-1"},"canonical":"https:\/\/www.leinad.es\/ca\/nota-legal\/","og_locale":"ca_ES","og_type":"article","og_title":"Nota legal: Protecci\u00f3 de dades personals i Propietat intel\u00b7lectual - Leinad","og_description":"Protecci\u00f3 de dades personals, Propietat intel\u00b7lectual i responsabilitat sobre els continguts de la present web.","og_url":"https:\/\/www.leinad.es\/ca\/nota-legal\/","og_site_name":"Leinad","article_modified_time":"2021-11-04T13:47:13+00:00","twitter_card":"summary_large_image","twitter_misc":{"Temps estimat de lectura":"1 minut"},"schema":{"@context":"https:\/\/schema.org","@graph":[{"@type":"WebPage","@id":"https:\/\/www.leinad.es\/ca\/nota-legal\/","url":"https:\/\/www.leinad.es\/ca\/nota-legal\/","name":"Nota legal: Protecci\u00f3 de dades personals i Propietat intel\u00b7lectual - Leinad","isPartOf":{"@id":"https:\/\/www.leinad.es\/ca\/#website"},"datePublished":"2021-10-28T12:37:37+00:00","dateModified":"2021-11-04T13:47:13+00:00","description":"Protecci\u00f3 de dades personals, Propietat intel\u00b7lectual i responsabilitat sobre els continguts de la present web.","breadcrumb":{"@id":"https:\/\/www.leinad.es\/ca\/nota-legal\/#breadcrumb"},"inLanguage":"ca","potentialAction":[{"@type":"ReadAction","target":["https:\/\/www.leinad.es\/ca\/nota-legal\/"]}]},{"@type":"BreadcrumbList","@id":"https:\/\/www.leinad.es\/ca\/nota-legal\/#breadcrumb","itemListElement":[{"@type":"ListItem","position":1,"name":"Portada","item":"https:\/\/www.leinad.es\/ca\/"},{"@type":"ListItem","position":2,"name":"Nota legal"}]},{"@type":"WebSite","@id":"https:\/\/www.leinad.es\/ca\/#website","url":"https:\/\/www.leinad.es\/ca\/","name":"Leinad","description":"Wordpress base LTW","potentialAction":[{"@type":"SearchAction","target":{"@type":"EntryPoint","urlTemplate":"https:\/\/www.leinad.es\/ca\/?s={search_term_string}"},"query-input":"required name=search_term_string"}],"inLanguage":"ca"}]}},"_links":{"self":[{"href":"https:\/\/www.leinad.es\/ca\/wp-json\/wp\/v2\/pages\/1234"}],"collection":[{"href":"https:\/\/www.leinad.es\/ca\/wp-json\/wp\/v2\/pages"}],"about":[{"href":"https:\/\/www.leinad.es\/ca\/wp-json\/wp\/v2\/types\/page"}],"author":[{"embeddable":true,"href":"https:\/\/www.leinad.es\/ca\/wp-json\/wp\/v2\/users\/1"}],"replies":[{"embeddable":true,"href":"https:\/\/www.leinad.es\/ca\/wp-json\/wp\/v2\/comments?post=1234"}],"version-history":[{"count":3,"href":"https:\/\/www.leinad.es\/ca\/wp-json\/wp\/v2\/pages\/1234\/revisions"}],"predecessor-version":[{"id":1413,"href":"https:\/\/www.leinad.es\/ca\/wp-json\/wp\/v2\/pages\/1234\/revisions\/1413"}],"wp:attachment":[{"href":"https:\/\/www.leinad.es\/ca\/wp-json\/wp\/v2\/media?parent=1234"}],"curies":[{"name":"wp","href":"https:\/\/api.w.org\/{rel}","templated":true}]}}