{"id":1237,"date":"2021-10-28T14:50:45","date_gmt":"2021-10-28T14:50:45","guid":{"rendered":"https:\/\/www.leinad.es\/politica-de-cookies\/"},"modified":"2021-11-04T13:54:25","modified_gmt":"2021-11-04T13:54:25","slug":"politica-de-cookies","status":"publish","type":"page","link":"https:\/\/www.leinad.es\/ca\/politica-de-cookies\/","title":{"rendered":"Pol\u00edtica de Cookies"},"content":{"rendered":"<p>[et_pb_section fb_built=&#8221;1&#8243; admin_label=&#8221;section&#8221; _builder_version=&#8221;3.22&#8243;][et_pb_row admin_label=&#8221;row&#8221; _builder_version=&#8221;4.4.6&#8243; background_size=&#8221;initial&#8221; background_position=&#8221;top_left&#8221; background_repeat=&#8221;repeat&#8221; width=&#8221;60%&#8221; width_tablet=&#8221;80%&#8221; width_phone=&#8221;90%&#8221; width_last_edited=&#8221;on|phone&#8221;][et_pb_column type=&#8221;4_4&#8243; _builder_version=&#8221;3.25&#8243; custom_padding=&#8221;|||&#8221; custom_padding__hover=&#8221;|||&#8221;][et_pb_text admin_label=&#8221;Text&#8221; _builder_version=&#8221;4.9.3&#8243; header_line_height=&#8221;1.8em&#8221; background_size=&#8221;initial&#8221; background_position=&#8221;top_left&#8221; background_repeat=&#8221;repeat&#8221;]<\/p>\n<h1 class=%22mt-0%22>Pol\u00edtica de Cookies<\/h1>\n<h2>Qu\u00e8 s\u00f3n les cookies?<\/h2>\n<p>Cookie \u00e9s un fitxer que es descarrega en el seu ordinador en accedir a determinades p\u00e0gines web. Les cookies permeten a una p\u00e0gina web, entre altres coses, emmagatzemar i recuperar informaci\u00f3 sobre els h\u00e0bits de navegaci\u00f3 d&#8217;un usuari o del seu equip i, depenent de la informaci\u00f3 que continguin i de la forma en qu\u00e8 utilitzi el seu equip, poden utilitzar-se per a recon\u00e8ixer a l&#8217;usuari. El navegador de l&#8217;usuari memoritza cookies en el disc dur solament durant la sessi\u00f3 actual ocupant un espai de mem\u00f2ria m\u00ednim i no perjudicant l&#8217;ordinador. Les cookies no contenen cap classe d&#8217;informaci\u00f3 personal espec\u00edfica, i la majoria de les mateixes s&#8217;esborren del disc dur en finalitzar la sessi\u00f3 de navegador (les denominades cookies de<\/p>\n<p>La majoria dels navegadors accepten com a est\u00e0ndard a les cookies i, amb independ\u00e8ncia d&#8217;aquestes, permeten o impedeixen en els ajustos de seguretat les cookies temporals o memoritzades.<\/p>\n<p>Sense el seu expr\u00e9s consentiment \u2013mitjan\u00e7ant l&#8217;activaci\u00f3 de les cookies en el seu navegador\u2013 aquesta p\u00e0gina no enlla\u00e7ar\u00e0 en les cookies les dades memoritzades amb les seves dades personals proporcionades en el moment del registre o la compra.<\/p>\n<p><strong>Quins tipus de cookies utilitza aquesta p\u00e0gina web?<\/strong><\/p>\n<ul>\n<li>Cookies t\u00e8cniques: S\u00f3n aquelles que permeten a l&#8217;usuari la navegaci\u00f3 a trav\u00e9s d&#8217;una p\u00e0gina web, plataforma o aplicaci\u00f3 i la utilitzaci\u00f3 de les diferents opcions o serveis que en ella existeixin com, per exemple, controlar el tr\u00e0nsit i la comunicaci\u00f3 de dades, identificar la sessi\u00f3, accedir a parts d&#8217;acc\u00e9s restringit, recordar els elements que integren una comanda, realitzar el proc\u00e9s de compra d&#8217;una comanda, realitzar la sol\u00b7licitud d&#8217;inscripci\u00f3 o participaci\u00f3 en un esdeveniment, utilitzar elements de seguretat durant la navegaci\u00f3, emmagatzemar<\/li>\n<li>Cookies de personalitzaci\u00f3: S\u00f3n aquelles que permeten a l&#8217;usuari accedir al servei amb algunes caracter\u00edstiques de car\u00e0cter general predefinides en funci\u00f3 d&#8217;una s\u00e8rie de criteris en el terminal de l&#8217;usuari com per exemple serien l&#8217;idioma, el tipus de navegador a trav\u00e9s del qual accedeix al servei, la configuraci\u00f3 regional des d&#8217;on accedeix al servei, etc.<\/li>\n<li>Cookies d&#8217;an\u00e0lisis: S\u00f3n aquelles que ben tractades per nosaltres o per tercers, ens permeten quantificar el nombre d&#8217;usuaris i aix\u00ed realitzar el mesurament i an\u00e0lisi estad\u00edstica de la utilitzaci\u00f3 que fan els usuaris del servei ofert. Per a aix\u00f2 s&#8217;analitza la seva navegaci\u00f3 en la nostra p\u00e0gina web amb la finalitat de millorar l&#8217;oferta de productes o serveis que li oferim.<\/li>\n<li>Cookies publicit\u00e0ries: S\u00f3n aquelles que, ben tractades per nosaltres o per tercers, ens permeten gestionar de la forma m\u00e9s efica\u00e7 possible l&#8217;oferta dels espais publicitaris que hi ha en la p\u00e0gina web, adequant el contingut de l&#8217;anunci al contingut del servei sol\u00b7licitat o a l&#8217;\u00fas que realitzi de la nostra p\u00e0gina web. Per a aix\u00f2 podem analitzar els seus h\u00e0bits de navegaci\u00f3 en Internet i podem mostrar-li publicitat relacionada amb el seu perfil de navegaci\u00f3.<\/li>\n<li>Cookies de publicitat comportamental: S\u00f3n aquelles que permeten la gesti\u00f3, de la forma m\u00e9s efica\u00e7 possible, dels espais publicitaris que, si s&#8217;escau, l&#8217;editor hagi incl\u00f2s en una p\u00e0gina web, aplicaci\u00f3 o plataforma des de la qual presta el servei sol\u00b7licitat. Aquestes cookies emmagatzemen informaci\u00f3 del comportament dels usuaris obtinguda a trav\u00e9s de l&#8217;observaci\u00f3 continuada dels seus h\u00e0bits de navegaci\u00f3, la qual cosa permet desenvolupar un perfil espec\u00edfic per a mostrar publicitat en funci\u00f3 d&#8217;aquest.<\/li>\n<\/ul>\n<h2>Cookies de tercers<\/h2>\n<p>Aquest lloc web pot utilitzar serveis de tercers que recopilaran informaci\u00f3 amb finalitats estad\u00edstiques, d&#8217;\u00fas del Site per part de l&#8217;usuari i per a la prestaci\u00f3 d&#8217;altres serveis relacionats amb l&#8217;activitat del Website i altres serveis d&#8217;Internet.<\/p>\n<p>En particular, aquest lloc web utilitza:<\/p>\n<ul>\n<li>Les cookies de<span> <\/span><a title=\"%22cookies\" de Google href=\"\/\/www.google.com\/intl\/es\/analytics\/privacyoverview.html%22\" target=\"%22_blank%22\" rel=\"%22noopener noopener\">Google Analytics<\/a>: s&#8217;utilitzen amb la finalitat d&#8217;analitzar i mesurar com els visitants usen aquest lloc web. La informaci\u00f3 serveix per a elaborar informes que permeten millorar aquest lloc. Aquestes cookies recopilen informaci\u00f3 en forma an\u00f2nima, incloent-hi el nombre de visitants al lloc, com han arribat al mateix i les p\u00e0gines que va visitar mentre navegava en el nostre lloc web.<\/li>\n<li>Les cookies de<span> <\/span><a title=\"%22cookies\" de href=\"\/\/support.google.com\/youtube\/answer\/2407785?hl=es-419%22\" target=\"%22_blank%22\" rel=\"%22noopener noopener\">Youtube<\/a>: s&#8217;utilitzen per a comptabilitzar el nombre de visualitzacions dels v\u00eddeos incrustats en altres webs.<\/li>\n<li>Les cookies de<span> <\/span><a title=\"%22cookies\" de href=\"\/\/www.addthis.com\/privacy%22\" target=\"%22_blank%22\" rel=\"%22noopener noopener\">AddThis<\/a>: \u00e9s una empresa tecnol\u00f2gica que permet als llocs web i als seus usuaris compartir f\u00e0cilment el contingut amb els altres, a trav\u00e9s d&#8217;icones d&#8217;intercanvi i dels destins de bookmarking social. Les cookies AddThis s&#8217;utilitzen amb la finalitat d&#8217;habilitar el contingut per a ser compartit. AddThis tamb\u00e9 s&#8217;utilitza per a recopilar informaci\u00f3 sobre com es comparteix contingut del lloc web. Les cookies ajuden a identificar de manera \u00fanica a un usuari (encara que no de manera personal, sin\u00f3 quant a direcci\u00f3) per a no repetir tasques dins d&#8217;un per\u00edode de temps especificat.<\/li>\n<li>Altres cookies de personalitzaci\u00f3: Aquestes cookies permeten a l&#8217;usuari especificar o personalitzar algunes caracter\u00edstiques de les opcions generals de la p\u00e0gina web. Per exemple, definir l&#8217;idioma, configuraci\u00f3 regional o tipus de navegador. Addthis<a title=\"%22Addthis%22\" href=\"\/\/www.addthis.com\/privacy%22\" target=\"%22_blank%22\" rel=\"%22noopener noopener\"><\/a><\/li>\n<\/ul>\n<p><a title=\"%22Addthis%22\" href=\"\/\/www.addthis.com\/privacy%22\" target=\"%22_blank%22\" rel=\"%22noopener noopener\">Addthis<\/a><br \/><a title=\"%22Facebook%22\" href=\"\/\/es-es.facebook.com\/help\/cookies%22\" target=\"%22_blank%22\" rel=\"%22noopener noopener\">Facebook<\/a><br \/><a title=\"%22Twitter%22\" href=\"\/\/twitter.com\/privacy%22\" target=\"%22_blank%22\" rel=\"%22noopener noopener\">Twitter<\/a><br \/><a title=\"%22Google%22\" href=\"https:\/\/www.leinad.es\/ca\/?p=1503\" target=\"%22_blank%22\" rel=\"%22noopener noopener\">Google<\/a><br \/><a title=\"%22YouTube%22\" href=\"\/\/support.google.com\/youtube\/answer\/2407785?hl=es-419%22\" target=\"%22_blank%22\" rel=\"%22noopener noopener\">YouTube<\/a><\/p>\n<p>L&#8217;Usuari accepta expressament, per la utilitzaci\u00f3 d&#8217;aquest Site, el tractament de la informaci\u00f3 recaptada en la forma i amb la finalitat anteriorment esmentada.<\/p>\n<p>I aix\u00ed mateix reconeix con\u00e8ixer la possibilitat de rebutjar el tractament de tals dades o informaci\u00f3 rebutjant l&#8217;\u00fas de Cookies mitjan\u00e7ant la selecci\u00f3 de la configuraci\u00f3 apropiada a tal fi en el seu navegador. Si b\u00e9 aquesta opci\u00f3 de bloqueig de Cookies en el seu navegador pot no permetre-li l&#8217;\u00fas ple de totes les funcionalitats del Website<\/p>\n<p>Pot permetre, bloquejar o eliminar les cookies instal\u00b7lades en el seu equip mitjan\u00e7ant la configuraci\u00f3 de les opcions del navegador instal\u00b7lat en el seu ordinador:<\/p>\n<ul>\n<li><a href=\"\/\/support.google.com\/chrome\/bin\/answer.py?hl=es&amp;answer=95647%22\" target=\"%22_blank%22\" rel=\"%22noopener noopener\">Chrome<\/a><\/li>\n<li><a href=\"\/\/windows.microsoft.com\/es-es\/windows7\/how-to-manage-cookies-in-internet-explorer-9%22\" target=\"%22_blank%22\" rel=\"%22noopener noopener\">Explorer<\/a><\/li>\n<li><a href=\"\/\/support.mozilla.org\/es\/kb\/habilitar-y-deshabilitar-cookies-que-los-sitios-we%22\" target=\"%22_blank%22\" rel=\"%22noopener noopener\">Firefox<\/a><\/li>\n<li><a href=\"\/\/support.apple.com\/kb\/ph5042%22\" target=\"%22_blank%22\" rel=\"%22noopener noopener\">Safari<\/a><\/li>\n<\/ul>\n<p><span>Si t\u00e9 dubtes sobre aquesta pol\u00edtica de cookies, pot contactar amb nosaltres a <\/span><a title=%22mail cookies%22 href=%22mailto:info@leinad.es%22>info@leinad.es<\/a><\/p>\n<p>[\/et_pb_text][\/et_pb_column][\/et_pb_row][\/et_pb_section]<\/p>\n","protected":false},"excerpt":{"rendered":"<p>Pol\u00edtica de Cookies Qu\u00e8 s\u00f3n les cookies? Cookie \u00e9s un fitxer que es descarrega en el seu ordinador en accedir a determinades p\u00e0gines web. Les cookies permeten a una p\u00e0gina web, entre altres coses, emmagatzemar i recuperar informaci\u00f3 sobre els h\u00e0bits de navegaci\u00f3 d&#8217;un usuari o del seu equip i, depenent de la informaci\u00f3 que [&hellip;]<\/p>\n","protected":false},"author":1,"featured_media":0,"parent":0,"menu_order":0,"comment_status":"closed","ping_status":"closed","template":"","meta":{"_et_pb_use_builder":"on","_et_pb_old_content":"","_et_gb_content_width":""},"acf":[],"yoast_head":"<!-- This site is optimized with the Yoast SEO plugin v20.6 - https:\/\/yoast.com\/wordpress\/plugins\/seo\/ -->\n<title>Pol\u00edtica de Cookies - Leinad<\/title>\n<meta name=\"description\" content=\"Aqu\u00ed pots consultar quines cookies utilitza aquesta p\u00e0gina web i quina \u00e9s la seva pol\u00edtica. Descobreix cookies pr\u00f2pies i les de tercers.\" \/>\n<meta name=\"robots\" content=\"index, follow, max-snippet:-1, max-image-preview:large, max-video-preview:-1\" \/>\n<link rel=\"canonical\" href=\"https:\/\/www.leinad.es\/ca\/politica-de-cookies\/\" \/>\n<meta property=\"og:locale\" content=\"ca_ES\" \/>\n<meta property=\"og:type\" content=\"article\" \/>\n<meta property=\"og:title\" content=\"Pol\u00edtica de Cookies - Leinad\" \/>\n<meta property=\"og:description\" content=\"Aqu\u00ed pots consultar quines cookies utilitza aquesta p\u00e0gina web i quina \u00e9s la seva pol\u00edtica. Descobreix cookies pr\u00f2pies i les de tercers.\" \/>\n<meta property=\"og:url\" content=\"https:\/\/www.leinad.es\/ca\/politica-de-cookies\/\" \/>\n<meta property=\"og:site_name\" content=\"Leinad\" \/>\n<meta property=\"article:modified_time\" content=\"2021-11-04T13:54:25+00:00\" \/>\n<meta name=\"twitter:card\" content=\"summary_large_image\" \/>\n<meta name=\"twitter:label1\" content=\"Temps estimat de lectura\" \/>\n\t<meta name=\"twitter:data1\" content=\"5 minuts\" \/>\n<script type=\"application\/ld+json\" class=\"yoast-schema-graph\">{\"@context\":\"https:\/\/schema.org\",\"@graph\":[{\"@type\":\"WebPage\",\"@id\":\"https:\/\/www.leinad.es\/ca\/politica-de-cookies\/\",\"url\":\"https:\/\/www.leinad.es\/ca\/politica-de-cookies\/\",\"name\":\"Pol\u00edtica de Cookies - Leinad\",\"isPartOf\":{\"@id\":\"https:\/\/www.leinad.es\/ca\/#website\"},\"datePublished\":\"2021-10-28T14:50:45+00:00\",\"dateModified\":\"2021-11-04T13:54:25+00:00\",\"description\":\"Aqu\u00ed pots consultar quines cookies utilitza aquesta p\u00e0gina web i quina \u00e9s la seva pol\u00edtica. Descobreix cookies pr\u00f2pies i les de tercers.\",\"breadcrumb\":{\"@id\":\"https:\/\/www.leinad.es\/ca\/politica-de-cookies\/#breadcrumb\"},\"inLanguage\":\"ca\",\"potentialAction\":[{\"@type\":\"ReadAction\",\"target\":[\"https:\/\/www.leinad.es\/ca\/politica-de-cookies\/\"]}]},{\"@type\":\"BreadcrumbList\",\"@id\":\"https:\/\/www.leinad.es\/ca\/politica-de-cookies\/#breadcrumb\",\"itemListElement\":[{\"@type\":\"ListItem\",\"position\":1,\"name\":\"Portada\",\"item\":\"https:\/\/www.leinad.es\/ca\/\"},{\"@type\":\"ListItem\",\"position\":2,\"name\":\"Pol\u00edtica de Cookies\"}]},{\"@type\":\"WebSite\",\"@id\":\"https:\/\/www.leinad.es\/ca\/#website\",\"url\":\"https:\/\/www.leinad.es\/ca\/\",\"name\":\"Leinad\",\"description\":\"Wordpress base LTW\",\"potentialAction\":[{\"@type\":\"SearchAction\",\"target\":{\"@type\":\"EntryPoint\",\"urlTemplate\":\"https:\/\/www.leinad.es\/ca\/?s={search_term_string}\"},\"query-input\":\"required name=search_term_string\"}],\"inLanguage\":\"ca\"}]}<\/script>\n<!-- \/ Yoast SEO plugin. -->","yoast_head_json":{"title":"Pol\u00edtica de Cookies - Leinad","description":"Aqu\u00ed pots consultar quines cookies utilitza aquesta p\u00e0gina web i quina \u00e9s la seva pol\u00edtica. Descobreix cookies pr\u00f2pies i les de tercers.","robots":{"index":"index","follow":"follow","max-snippet":"max-snippet:-1","max-image-preview":"max-image-preview:large","max-video-preview":"max-video-preview:-1"},"canonical":"https:\/\/www.leinad.es\/ca\/politica-de-cookies\/","og_locale":"ca_ES","og_type":"article","og_title":"Pol\u00edtica de Cookies - Leinad","og_description":"Aqu\u00ed pots consultar quines cookies utilitza aquesta p\u00e0gina web i quina \u00e9s la seva pol\u00edtica. Descobreix cookies pr\u00f2pies i les de tercers.","og_url":"https:\/\/www.leinad.es\/ca\/politica-de-cookies\/","og_site_name":"Leinad","article_modified_time":"2021-11-04T13:54:25+00:00","twitter_card":"summary_large_image","twitter_misc":{"Temps estimat de lectura":"5 minuts"},"schema":{"@context":"https:\/\/schema.org","@graph":[{"@type":"WebPage","@id":"https:\/\/www.leinad.es\/ca\/politica-de-cookies\/","url":"https:\/\/www.leinad.es\/ca\/politica-de-cookies\/","name":"Pol\u00edtica de Cookies - Leinad","isPartOf":{"@id":"https:\/\/www.leinad.es\/ca\/#website"},"datePublished":"2021-10-28T14:50:45+00:00","dateModified":"2021-11-04T13:54:25+00:00","description":"Aqu\u00ed pots consultar quines cookies utilitza aquesta p\u00e0gina web i quina \u00e9s la seva pol\u00edtica. Descobreix cookies pr\u00f2pies i les de tercers.","breadcrumb":{"@id":"https:\/\/www.leinad.es\/ca\/politica-de-cookies\/#breadcrumb"},"inLanguage":"ca","potentialAction":[{"@type":"ReadAction","target":["https:\/\/www.leinad.es\/ca\/politica-de-cookies\/"]}]},{"@type":"BreadcrumbList","@id":"https:\/\/www.leinad.es\/ca\/politica-de-cookies\/#breadcrumb","itemListElement":[{"@type":"ListItem","position":1,"name":"Portada","item":"https:\/\/www.leinad.es\/ca\/"},{"@type":"ListItem","position":2,"name":"Pol\u00edtica de Cookies"}]},{"@type":"WebSite","@id":"https:\/\/www.leinad.es\/ca\/#website","url":"https:\/\/www.leinad.es\/ca\/","name":"Leinad","description":"Wordpress base LTW","potentialAction":[{"@type":"SearchAction","target":{"@type":"EntryPoint","urlTemplate":"https:\/\/www.leinad.es\/ca\/?s={search_term_string}"},"query-input":"required name=search_term_string"}],"inLanguage":"ca"}]}},"_links":{"self":[{"href":"https:\/\/www.leinad.es\/ca\/wp-json\/wp\/v2\/pages\/1237"}],"collection":[{"href":"https:\/\/www.leinad.es\/ca\/wp-json\/wp\/v2\/pages"}],"about":[{"href":"https:\/\/www.leinad.es\/ca\/wp-json\/wp\/v2\/types\/page"}],"author":[{"embeddable":true,"href":"https:\/\/www.leinad.es\/ca\/wp-json\/wp\/v2\/users\/1"}],"replies":[{"embeddable":true,"href":"https:\/\/www.leinad.es\/ca\/wp-json\/wp\/v2\/comments?post=1237"}],"version-history":[{"count":3,"href":"https:\/\/www.leinad.es\/ca\/wp-json\/wp\/v2\/pages\/1237\/revisions"}],"predecessor-version":[{"id":1416,"href":"https:\/\/www.leinad.es\/ca\/wp-json\/wp\/v2\/pages\/1237\/revisions\/1416"}],"wp:attachment":[{"href":"https:\/\/www.leinad.es\/ca\/wp-json\/wp\/v2\/media?parent=1237"}],"curies":[{"name":"wp","href":"https:\/\/api.w.org\/{rel}","templated":true}]}}