{"id":1243,"date":"2021-10-28T15:08:07","date_gmt":"2021-10-28T15:08:07","guid":{"rendered":"https:\/\/www.leinad.es\/suport-informatic\/"},"modified":"2021-11-04T14:05:35","modified_gmt":"2021-11-04T14:05:35","slug":"suport-informatic","status":"publish","type":"page","link":"https:\/\/www.leinad.es\/ca\/suport-informatic\/","title":{"rendered":"Suport Inform\u00e0tic"},"content":{"rendered":"<p>[et_pb_section fb_built=&#8221;1&#8243; custom_padding_last_edited=&#8221;on|phone&#8221; _builder_version=&#8221;4.9.3&#8243; use_background_color_gradient=&#8221;on&#8221; background_color_gradient_start=&#8221;rgba(0,0,0,0.79)&#8221; background_color_gradient_end=&#8221;rgba(255,255,255,0)&#8221; background_color_gradient_direction=&#8221;90deg&#8221; background_color_gradient_start_position=&#8221;50%&#8221; background_color_gradient_end_position=&#8221;50%&#8221; background_image=&#8221;https:\/\/www.leinad.es\/wp-content\/uploads\/2021\/11\/leinad-servicios-logisticos-para-empresas.jpg&#8221; background_position=&#8221;top_center&#8221; background_blend=&#8221;overlay&#8221; custom_padding_tablet=&#8221;0px||0px||false|false&#8221; custom_padding_phone=&#8221;&#8221; background_last_edited=&#8221;on|tablet&#8221; background_color_gradient_start_position_tablet=&#8221;100%&#8221; background_color_gradient_end_position_tablet=&#8221;100%&#8221;][et_pb_row column_structure=&#8221;1_2,1_2&#8243; use_custom_gutter=&#8221;on&#8221; gutter_width=&#8221;1&#8243; make_equal=&#8221;on&#8221; _builder_version=&#8221;3.29.3&#8243;][et_pb_column type=&#8221;1_2&#8243; _builder_version=&#8221;3.29.3&#8243;][et_pb_text module_class=&#8221;dct_header&#8221; _builder_version=&#8221;4.9.3&#8243; text_orientation_tablet=&#8221;&#8221; text_orientation_phone=&#8221;&#8221; text_orientation_last_edited=&#8221;on|tablet&#8221;]<\/p>\n<h1>Suport Inform\u00e0tic<\/h1>\n<p>[\/et_pb_text][\/et_pb_column][et_pb_column type=&#8221;1_2&#8243; _builder_version=&#8221;3.29.3&#8243;][\/et_pb_column][\/et_pb_row][\/et_pb_section][et_pb_section fb_built=&#8221;1&#8243; custom_padding_last_edited=&#8221;on|tablet&#8221; _builder_version=&#8221;4.9.3&#8243; custom_padding_tablet=&#8221;||0px||false|false&#8221; custom_padding_phone=&#8221;||0px||false|false&#8221;][et_pb_row column_structure=&#8221;1_2,1_2&#8243; use_custom_gutter=&#8221;on&#8221; make_equal=&#8221;on&#8221; _builder_version=&#8221;3.29.3&#8243; max_width=&#8221;1200px&#8221;][et_pb_column type=&#8221;1_2&#8243; _builder_version=&#8221;3.29.3&#8243;][et_pb_blurb use_icon=&#8221;on&#8221; font_icon=&#8221;%%180%%&#8221; icon_color=&#8221;#015291&#8243; icon_placement=&#8221;left&#8221; use_icon_font_size=&#8221;on&#8221; icon_font_size=&#8221;25px&#8221; admin_label=&#8221;Anuncio&#8221; _builder_version=&#8221;4.9.3&#8243; custom_margin=&#8221;||20px||false|false&#8221; locked=&#8221;off&#8221;]<\/p>\n<p>\u00c0rea client :<\/p>\n<p>[\/et_pb_blurb][et_pb_blurb use_icon=&#8221;on&#8221; font_icon=&#8221;%%180%%&#8221; icon_color=&#8221;#919191&#8243; icon_placement=&#8221;left&#8221; use_icon_font_size=&#8221;on&#8221; icon_font_size=&#8221;20px&#8221; admin_label=&#8221;Anuncio&#8221; _builder_version=&#8221;4.9.3&#8243; header_font_size=&#8221;18px&#8221; body_font_size=&#8221;14px&#8221; custom_margin=&#8221;||10px|20px|false|false&#8221; locked=&#8221;off&#8221;]<\/p>\n<p>Acc\u00e9s 24h<\/p>\n<p>[\/et_pb_blurb][et_pb_blurb use_icon=&#8221;on&#8221; font_icon=&#8221;%%180%%&#8221; icon_color=&#8221;#919191&#8243; icon_placement=&#8221;left&#8221; use_icon_font_size=&#8221;on&#8221; icon_font_size=&#8221;20px&#8221; admin_label=&#8221;Anuncio&#8221; _builder_version=&#8221;4.9.3&#8243; header_font_size=&#8221;18px&#8221; body_font_size=&#8221;14px&#8221; custom_margin=&#8221;||10px|20px|false|false&#8221; locked=&#8221;off&#8221;]<\/p>\n<p>Interf\u00edcie personalitzada per usuari<\/p>\n<p>[\/et_pb_blurb][et_pb_blurb use_icon=&#8221;on&#8221; font_icon=&#8221;%%180%%&#8221; icon_color=&#8221;#919191&#8243; icon_placement=&#8221;left&#8221; use_icon_font_size=&#8221;on&#8221; icon_font_size=&#8221;20px&#8221; admin_label=&#8221;Anuncio&#8221; _builder_version=&#8221;4.9.3&#8243; header_font_size=&#8221;18px&#8221; body_font_size=&#8221;14px&#8221; custom_margin=&#8221;||10px|20px|false|false&#8221; locked=&#8221;off&#8221;]<\/p>\n<p>Control de processos<\/p>\n<p>[\/et_pb_blurb][et_pb_blurb use_icon=&#8221;on&#8221; font_icon=&#8221;%%180%%&#8221; icon_color=&#8221;#919191&#8243; icon_placement=&#8221;left&#8221; use_icon_font_size=&#8221;on&#8221; icon_font_size=&#8221;20px&#8221; admin_label=&#8221;Anuncio&#8221; _builder_version=&#8221;4.9.3&#8243; header_font_size=&#8221;18px&#8221; body_font_size=&#8221;14px&#8221; custom_margin=&#8221;||10px|20px|false|false&#8221; locked=&#8221;off&#8221;]<\/p>\n<p>Visibilitat de l\u2019estoc en temps real<\/p>\n<p>[\/et_pb_blurb][et_pb_blurb use_icon=&#8221;on&#8221; font_icon=&#8221;%%180%%&#8221; icon_color=&#8221;#919191&#8243; icon_placement=&#8221;left&#8221; use_icon_font_size=&#8221;on&#8221; icon_font_size=&#8221;20px&#8221; admin_label=&#8221;Anuncio&#8221; _builder_version=&#8221;4.9.3&#8243; header_font_size=&#8221;18px&#8221; body_font_size=&#8221;14px&#8221; custom_margin=&#8221;||10px|20px|false|false&#8221; locked=&#8221;off&#8221;]<\/p>\n<p>Fitxes dels articles<\/p>\n<p>[\/et_pb_blurb][et_pb_blurb use_icon=&#8221;on&#8221; font_icon=&#8221;%%180%%&#8221; icon_color=&#8221;#919191&#8243; icon_placement=&#8221;left&#8221; use_icon_font_size=&#8221;on&#8221; icon_font_size=&#8221;20px&#8221; admin_label=&#8221;Anuncio&#8221; _builder_version=&#8221;4.9.3&#8243; header_font_size=&#8221;18px&#8221; body_font_size=&#8221;14px&#8221; custom_margin=&#8221;||10px|20px|false|false&#8221; locked=&#8221;off&#8221;]<\/p>\n<p>Tra\u00e7abilitat per refer\u00e8ncia\/lot<\/p>\n<p>[\/et_pb_blurb][et_pb_blurb use_icon=&#8221;on&#8221; font_icon=&#8221;%%180%%&#8221; icon_color=&#8221;#919191&#8243; icon_placement=&#8221;left&#8221; use_icon_font_size=&#8221;on&#8221; icon_font_size=&#8221;20px&#8221; admin_label=&#8221;Anuncio&#8221; _builder_version=&#8221;4.9.3&#8243; header_font_size=&#8221;18px&#8221; body_font_size=&#8221;14px&#8221; custom_margin=&#8221;||10px|20px|false|false&#8221; locked=&#8221;off&#8221;]<\/p>\n<p>Tracking (seguiment dels enviaments)<\/p>\n<p>[\/et_pb_blurb][\/et_pb_column][et_pb_column type=&#8221;1_2&#8243; _builder_version=&#8221;3.29.3&#8243;][et_pb_image src=&#8221;https:\/\/www.leinad.es\/wp-content\/uploads\/2021\/10\/leinad-soporte-informatico.png&#8221; title_text=&#8221;leinad-soporte-informatico&#8221; align=&#8221;center&#8221; _builder_version=&#8221;4.9.3&#8243; _module_preset=&#8221;default&#8221;][\/et_pb_image][\/et_pb_column][\/et_pb_row][et_pb_row column_structure=&#8221;1_3,1_3,1_3&#8243; use_custom_gutter=&#8221;on&#8221; make_equal=&#8221;on&#8221; _builder_version=&#8221;3.29.3&#8243; max_width=&#8221;1200px&#8221;][et_pb_column type=&#8221;1_3&#8243; _builder_version=&#8221;3.29.3&#8243;][et_pb_blurb use_icon=&#8221;on&#8221; font_icon=&#8221;%%180%%&#8221; icon_color=&#8221;#015291&#8243; icon_placement=&#8221;left&#8221; use_icon_font_size=&#8221;on&#8221; icon_font_size=&#8221;25px&#8221; admin_label=&#8221;Anuncio&#8221; _builder_version=&#8221;4.9.3&#8243; custom_margin=&#8221;||20px||false|false&#8221; locked=&#8221;off&#8221;]<\/p>\n<p>Gesti\u00f3 de BBDD per enviaments massius:<\/p>\n<p>[\/et_pb_blurb][et_pb_blurb use_icon=&#8221;on&#8221; font_icon=&#8221;%%180%%&#8221; icon_color=&#8221;#919191&#8243; icon_placement=&#8221;left&#8221; use_icon_font_size=&#8221;on&#8221; icon_font_size=&#8221;20px&#8221; admin_label=&#8221;Anuncio&#8221; _builder_version=&#8221;4.9.3&#8243; header_font_size=&#8221;18px&#8221; body_font_size=&#8221;14px&#8221; custom_margin=&#8221;||10px|20px|false|false&#8221; locked=&#8221;off&#8221;]<\/p>\n<p>Neteja BBDD<\/p>\n<p>[\/et_pb_blurb][et_pb_blurb use_icon=&#8221;on&#8221; font_icon=&#8221;%%180%%&#8221; icon_color=&#8221;#919191&#8243; icon_placement=&#8221;left&#8221; use_icon_font_size=&#8221;on&#8221; icon_font_size=&#8221;20px&#8221; admin_label=&#8221;Anuncio&#8221; _builder_version=&#8221;4.9.3&#8243; header_font_size=&#8221;18px&#8221; body_font_size=&#8221;14px&#8221; custom_margin=&#8221;||10px|20px|false|false&#8221; locked=&#8221;off&#8221;]<\/p>\n<p>Filtres de control<\/p>\n<p>[\/et_pb_blurb][et_pb_blurb use_icon=&#8221;on&#8221; font_icon=&#8221;%%180%%&#8221; icon_color=&#8221;#919191&#8243; icon_placement=&#8221;left&#8221; use_icon_font_size=&#8221;on&#8221; icon_font_size=&#8221;20px&#8221; admin_label=&#8221;Anuncio&#8221; _builder_version=&#8221;4.9.3&#8243; header_font_size=&#8221;18px&#8221; body_font_size=&#8221;14px&#8221; custom_margin=&#8221;||10px|20px|false|false&#8221; locked=&#8221;off&#8221;]<\/p>\n<p>Seguiment dels estats dels registres<\/p>\n<p>[\/et_pb_blurb][et_pb_blurb use_icon=&#8221;on&#8221; font_icon=&#8221;%%180%%&#8221; icon_color=&#8221;#919191&#8243; icon_placement=&#8221;left&#8221; use_icon_font_size=&#8221;on&#8221; icon_font_size=&#8221;20px&#8221; admin_label=&#8221;Anuncio&#8221; _builder_version=&#8221;4.9.3&#8243; header_font_size=&#8221;18px&#8221; body_font_size=&#8221;14px&#8221; custom_margin=&#8221;||10px|20px|false|false&#8221; locked=&#8221;off&#8221;]<\/p>\n<p>Informes<\/p>\n<p>[\/et_pb_blurb][\/et_pb_column][et_pb_column type=&#8221;1_3&#8243; _builder_version=&#8221;3.29.3&#8243;][et_pb_blurb use_icon=&#8221;on&#8221; font_icon=&#8221;%%180%%&#8221; icon_color=&#8221;#015291&#8243; icon_placement=&#8221;left&#8221; use_icon_font_size=&#8221;on&#8221; icon_font_size=&#8221;25px&#8221; admin_label=&#8221;Anuncio&#8221; _builder_version=&#8221;4.9.3&#8243; custom_margin=&#8221;||20px||false|false&#8221; locked=&#8221;off&#8221;]<\/p>\n<p>Suport a m\u00e0rqueting digital:<\/p>\n<p>[\/et_pb_blurb][et_pb_blurb use_icon=&#8221;on&#8221; font_icon=&#8221;%%180%%&#8221; icon_color=&#8221;#919191&#8243; icon_placement=&#8221;left&#8221; use_icon_font_size=&#8221;on&#8221; icon_font_size=&#8221;20px&#8221; admin_label=&#8221;Anuncio&#8221; _builder_version=&#8221;4.9.3&#8243; header_font_size=&#8221;18px&#8221; body_font_size=&#8221;14px&#8221; custom_margin=&#8221;||10px|20px|false|false&#8221; locked=&#8221;off&#8221;]<\/p>\n<p>Promocions<\/p>\n<p>[\/et_pb_blurb][et_pb_blurb use_icon=&#8221;on&#8221; font_icon=&#8221;%%180%%&#8221; icon_color=&#8221;#919191&#8243; icon_placement=&#8221;left&#8221; use_icon_font_size=&#8221;on&#8221; icon_font_size=&#8221;20px&#8221; admin_label=&#8221;Anuncio&#8221; _builder_version=&#8221;4.9.3&#8243; header_font_size=&#8221;18px&#8221; body_font_size=&#8221;14px&#8221; custom_margin=&#8221;||10px|20px|false|false&#8221; locked=&#8221;off&#8221;]<\/p>\n<p>Concursos<\/p>\n<p>[\/et_pb_blurb][et_pb_blurb use_icon=&#8221;on&#8221; font_icon=&#8221;%%180%%&#8221; icon_color=&#8221;#919191&#8243; icon_placement=&#8221;left&#8221; use_icon_font_size=&#8221;on&#8221; icon_font_size=&#8221;20px&#8221; admin_label=&#8221;Anuncio&#8221; _builder_version=&#8221;4.9.3&#8243; header_font_size=&#8221;18px&#8221; body_font_size=&#8221;14px&#8221; custom_margin=&#8221;||10px|20px|false|false&#8221; locked=&#8221;off&#8221;]<\/p>\n<p>Premis<\/p>\n<p>[\/et_pb_blurb][\/et_pb_column][et_pb_column type=&#8221;1_3&#8243; _builder_version=&#8221;3.29.3&#8243;][et_pb_blurb use_icon=&#8221;on&#8221; font_icon=&#8221;%%180%%&#8221; icon_color=&#8221;#015291&#8243; icon_placement=&#8221;left&#8221; use_icon_font_size=&#8221;on&#8221; icon_font_size=&#8221;25px&#8221; admin_label=&#8221;Anuncio&#8221; _builder_version=&#8221;4.9.3&#8243; custom_margin=&#8221;||20px||false|false&#8221; locked=&#8221;off&#8221;]<\/p>\n<p>Cash Back<\/p>\n<p>[\/et_pb_blurb][et_pb_blurb use_icon=&#8221;on&#8221; font_icon=&#8221;%%180%%&#8221; icon_color=&#8221;#919191&#8243; icon_placement=&#8221;left&#8221; use_icon_font_size=&#8221;on&#8221; icon_font_size=&#8221;20px&#8221; admin_label=&#8221;Anuncio&#8221; _builder_version=&#8221;4.9.3&#8243; header_font_size=&#8221;18px&#8221; body_font_size=&#8221;14px&#8221; custom_margin=&#8221;||10px|20px|false|false&#8221; locked=&#8221;off&#8221;]<\/p>\n<p>Disseny i Maquetaci\u00f3 de Landings<\/p>\n<p>[\/et_pb_blurb][et_pb_blurb use_icon=&#8221;on&#8221; font_icon=&#8221;%%180%%&#8221; icon_color=&#8221;#919191&#8243; icon_placement=&#8221;left&#8221; use_icon_font_size=&#8221;on&#8221; icon_font_size=&#8221;20px&#8221; admin_label=&#8221;Anuncio&#8221; _builder_version=&#8221;4.9.3&#8243; header_font_size=&#8221;18px&#8221; body_font_size=&#8221;14px&#8221; custom_margin=&#8221;||10px|20px|false|false&#8221; locked=&#8221;off&#8221;]<\/p>\n<p>BBDD<\/p>\n<p>[\/et_pb_blurb][et_pb_blurb use_icon=&#8221;on&#8221; font_icon=&#8221;%%180%%&#8221; icon_color=&#8221;#919191&#8243; icon_placement=&#8221;left&#8221; use_icon_font_size=&#8221;on&#8221; icon_font_size=&#8221;20px&#8221; admin_label=&#8221;Anuncio&#8221; _builder_version=&#8221;4.9.3&#8243; header_font_size=&#8221;18px&#8221; body_font_size=&#8221;14px&#8221; custom_margin=&#8221;||10px|20px|false|false&#8221; locked=&#8221;off&#8221;]<\/p>\n<p>Gesti\u00f3 i validaci\u00f3 de registres (leads)<\/p>\n<p>[\/et_pb_blurb][et_pb_blurb use_icon=&#8221;on&#8221; font_icon=&#8221;%%180%%&#8221; icon_color=&#8221;#919191&#8243; icon_placement=&#8221;left&#8221; use_icon_font_size=&#8221;on&#8221; icon_font_size=&#8221;20px&#8221; admin_label=&#8221;Anuncio&#8221; _builder_version=&#8221;4.9.3&#8243; header_font_size=&#8221;18px&#8221; body_font_size=&#8221;14px&#8221; custom_margin=&#8221;||10px|20px|false|false&#8221; locked=&#8221;off&#8221;]<\/p>\n<p>Reemborsaments<\/p>\n<p>[\/et_pb_blurb][et_pb_blurb use_icon=&#8221;on&#8221; font_icon=&#8221;%%180%%&#8221; icon_color=&#8221;#919191&#8243; icon_placement=&#8221;left&#8221; use_icon_font_size=&#8221;on&#8221; icon_font_size=&#8221;20px&#8221; admin_label=&#8221;Anuncio&#8221; _builder_version=&#8221;4.9.3&#8243; header_font_size=&#8221;18px&#8221; body_font_size=&#8221;14px&#8221; custom_margin=&#8221;||10px|20px|false|false&#8221; locked=&#8221;off&#8221;]<\/p>\n<p>Informes<\/p>\n<p>[\/et_pb_blurb][\/et_pb_column][\/et_pb_row][\/et_pb_section]<\/p>\n","protected":false},"excerpt":{"rendered":"<p>Suport Inform\u00e0tic\u00c0rea client :Acc\u00e9s 24hInterf\u00edcie personalitzada per usuariControl de processosVisibilitat de l\u2019estoc en temps realFitxes dels articlesTra\u00e7abilitat per refer\u00e8ncia\/lotTracking (seguiment dels enviaments)Gesti\u00f3 de BBDD per enviaments massius:Neteja BBDDFiltres de controlSeguiment dels estats dels registresInformesSuport a m\u00e0rqueting digital:PromocionsConcursosPremisCash BackDisseny i Maquetaci\u00f3 de LandingsBBDDGesti\u00f3 i validaci\u00f3 de registres (leads)ReemborsamentsInformes<\/p>\n","protected":false},"author":1,"featured_media":0,"parent":0,"menu_order":0,"comment_status":"closed","ping_status":"closed","template":"","meta":{"_et_pb_use_builder":"on","_et_pb_old_content":"","_et_gb_content_width":""},"acf":[],"yoast_head":"<!-- This site is optimized with the Yoast SEO plugin v20.6 - https:\/\/yoast.com\/wordpress\/plugins\/seo\/ -->\n<title>Suport Inform\u00e0tic - Leinad<\/title>\n<meta name=\"description\" content=\"El nostre servei inform\u00e0tic t&#039;ofereix una \u00e0rea de client amb la gesti\u00f3 de BBDD per enviaments massiu, suport en mkt digital i cashback.\" \/>\n<meta name=\"robots\" content=\"index, follow, max-snippet:-1, max-image-preview:large, max-video-preview:-1\" \/>\n<link rel=\"canonical\" href=\"https:\/\/www.leinad.es\/ca\/suport-informatic\/\" \/>\n<meta property=\"og:locale\" content=\"ca_ES\" \/>\n<meta property=\"og:type\" content=\"article\" \/>\n<meta property=\"og:title\" content=\"Suport Inform\u00e0tic - Leinad\" \/>\n<meta property=\"og:description\" content=\"El nostre servei inform\u00e0tic t&#039;ofereix una \u00e0rea de client amb la gesti\u00f3 de BBDD per enviaments massiu, suport en mkt digital i cashback.\" \/>\n<meta property=\"og:url\" content=\"https:\/\/www.leinad.es\/ca\/suport-informatic\/\" \/>\n<meta property=\"og:site_name\" content=\"Leinad\" \/>\n<meta property=\"article:modified_time\" content=\"2021-11-04T14:05:35+00:00\" \/>\n<meta name=\"twitter:card\" content=\"summary_large_image\" \/>\n<meta name=\"twitter:label1\" content=\"Temps estimat de lectura\" \/>\n\t<meta name=\"twitter:data1\" content=\"7 minuts\" \/>\n<script type=\"application\/ld+json\" class=\"yoast-schema-graph\">{\"@context\":\"https:\/\/schema.org\",\"@graph\":[{\"@type\":\"WebPage\",\"@id\":\"https:\/\/www.leinad.es\/ca\/suport-informatic\/\",\"url\":\"https:\/\/www.leinad.es\/ca\/suport-informatic\/\",\"name\":\"Suport Inform\u00e0tic - Leinad\",\"isPartOf\":{\"@id\":\"https:\/\/www.leinad.es\/ca\/#website\"},\"datePublished\":\"2021-10-28T15:08:07+00:00\",\"dateModified\":\"2021-11-04T14:05:35+00:00\",\"description\":\"El nostre servei inform\u00e0tic t'ofereix una \u00e0rea de client amb la gesti\u00f3 de BBDD per enviaments massiu, suport en mkt digital i cashback.\",\"breadcrumb\":{\"@id\":\"https:\/\/www.leinad.es\/ca\/suport-informatic\/#breadcrumb\"},\"inLanguage\":\"ca\",\"potentialAction\":[{\"@type\":\"ReadAction\",\"target\":[\"https:\/\/www.leinad.es\/ca\/suport-informatic\/\"]}]},{\"@type\":\"BreadcrumbList\",\"@id\":\"https:\/\/www.leinad.es\/ca\/suport-informatic\/#breadcrumb\",\"itemListElement\":[{\"@type\":\"ListItem\",\"position\":1,\"name\":\"Portada\",\"item\":\"https:\/\/www.leinad.es\/ca\/\"},{\"@type\":\"ListItem\",\"position\":2,\"name\":\"Suport Inform\u00e0tic\"}]},{\"@type\":\"WebSite\",\"@id\":\"https:\/\/www.leinad.es\/ca\/#website\",\"url\":\"https:\/\/www.leinad.es\/ca\/\",\"name\":\"Leinad\",\"description\":\"Wordpress base LTW\",\"potentialAction\":[{\"@type\":\"SearchAction\",\"target\":{\"@type\":\"EntryPoint\",\"urlTemplate\":\"https:\/\/www.leinad.es\/ca\/?s={search_term_string}\"},\"query-input\":\"required name=search_term_string\"}],\"inLanguage\":\"ca\"}]}<\/script>\n<!-- \/ Yoast SEO plugin. -->","yoast_head_json":{"title":"Suport Inform\u00e0tic - Leinad","description":"El nostre servei inform\u00e0tic t'ofereix una \u00e0rea de client amb la gesti\u00f3 de BBDD per enviaments massiu, suport en mkt digital i cashback.","robots":{"index":"index","follow":"follow","max-snippet":"max-snippet:-1","max-image-preview":"max-image-preview:large","max-video-preview":"max-video-preview:-1"},"canonical":"https:\/\/www.leinad.es\/ca\/suport-informatic\/","og_locale":"ca_ES","og_type":"article","og_title":"Suport Inform\u00e0tic - Leinad","og_description":"El nostre servei inform\u00e0tic t'ofereix una \u00e0rea de client amb la gesti\u00f3 de BBDD per enviaments massiu, suport en mkt digital i cashback.","og_url":"https:\/\/www.leinad.es\/ca\/suport-informatic\/","og_site_name":"Leinad","article_modified_time":"2021-11-04T14:05:35+00:00","twitter_card":"summary_large_image","twitter_misc":{"Temps estimat de lectura":"7 minuts"},"schema":{"@context":"https:\/\/schema.org","@graph":[{"@type":"WebPage","@id":"https:\/\/www.leinad.es\/ca\/suport-informatic\/","url":"https:\/\/www.leinad.es\/ca\/suport-informatic\/","name":"Suport Inform\u00e0tic - Leinad","isPartOf":{"@id":"https:\/\/www.leinad.es\/ca\/#website"},"datePublished":"2021-10-28T15:08:07+00:00","dateModified":"2021-11-04T14:05:35+00:00","description":"El nostre servei inform\u00e0tic t'ofereix una \u00e0rea de client amb la gesti\u00f3 de BBDD per enviaments massiu, suport en mkt digital i cashback.","breadcrumb":{"@id":"https:\/\/www.leinad.es\/ca\/suport-informatic\/#breadcrumb"},"inLanguage":"ca","potentialAction":[{"@type":"ReadAction","target":["https:\/\/www.leinad.es\/ca\/suport-informatic\/"]}]},{"@type":"BreadcrumbList","@id":"https:\/\/www.leinad.es\/ca\/suport-informatic\/#breadcrumb","itemListElement":[{"@type":"ListItem","position":1,"name":"Portada","item":"https:\/\/www.leinad.es\/ca\/"},{"@type":"ListItem","position":2,"name":"Suport Inform\u00e0tic"}]},{"@type":"WebSite","@id":"https:\/\/www.leinad.es\/ca\/#website","url":"https:\/\/www.leinad.es\/ca\/","name":"Leinad","description":"Wordpress base LTW","potentialAction":[{"@type":"SearchAction","target":{"@type":"EntryPoint","urlTemplate":"https:\/\/www.leinad.es\/ca\/?s={search_term_string}"},"query-input":"required name=search_term_string"}],"inLanguage":"ca"}]}},"_links":{"self":[{"href":"https:\/\/www.leinad.es\/ca\/wp-json\/wp\/v2\/pages\/1243"}],"collection":[{"href":"https:\/\/www.leinad.es\/ca\/wp-json\/wp\/v2\/pages"}],"about":[{"href":"https:\/\/www.leinad.es\/ca\/wp-json\/wp\/v2\/types\/page"}],"author":[{"embeddable":true,"href":"https:\/\/www.leinad.es\/ca\/wp-json\/wp\/v2\/users\/1"}],"replies":[{"embeddable":true,"href":"https:\/\/www.leinad.es\/ca\/wp-json\/wp\/v2\/comments?post=1243"}],"version-history":[{"count":4,"href":"https:\/\/www.leinad.es\/ca\/wp-json\/wp\/v2\/pages\/1243\/revisions"}],"predecessor-version":[{"id":1421,"href":"https:\/\/www.leinad.es\/ca\/wp-json\/wp\/v2\/pages\/1243\/revisions\/1421"}],"wp:attachment":[{"href":"https:\/\/www.leinad.es\/ca\/wp-json\/wp\/v2\/media?parent=1243"}],"curies":[{"name":"wp","href":"https:\/\/api.w.org\/{rel}","templated":true}]}}