{"id":1246,"date":"2021-10-28T15:11:30","date_gmt":"2021-10-28T15:11:30","guid":{"rendered":"https:\/\/www.leinad.es\/qui-som\/"},"modified":"2021-11-05T13:34:48","modified_gmt":"2021-11-05T13:34:48","slug":"qui-som","status":"publish","type":"page","link":"https:\/\/www.leinad.es\/ca\/qui-som\/","title":{"rendered":"Qui som"},"content":{"rendered":"<p>[et_pb_section fb_built=&#8221;1&#8243; custom_padding_last_edited=&#8221;on|phone&#8221; _builder_version=&#8221;4.9.3&#8243; use_background_color_gradient=&#8221;on&#8221; background_color_gradient_start=&#8221;rgba(0,0,0,0.79)&#8221; background_color_gradient_end=&#8221;rgba(255,255,255,0)&#8221; background_color_gradient_direction=&#8221;90deg&#8221; background_color_gradient_start_position=&#8221;50%&#8221; background_color_gradient_end_position=&#8221;50%&#8221; background_image=&#8221;https:\/\/www.leinad.es\/wp-content\/uploads\/2021\/11\/leinad-servicios-logisticos-especializados.jpg&#8221; background_position=&#8221;top_center&#8221; background_blend=&#8221;overlay&#8221; custom_padding_tablet=&#8221;0px||0px||false|false&#8221; custom_padding_phone=&#8221;&#8221; background_last_edited=&#8221;on|tablet&#8221; background_color_gradient_start_position_tablet=&#8221;100%&#8221; background_color_gradient_end_position_tablet=&#8221;100%&#8221;][et_pb_row column_structure=&#8221;1_2,1_2&#8243; use_custom_gutter=&#8221;on&#8221; gutter_width=&#8221;1&#8243; make_equal=&#8221;on&#8221; _builder_version=&#8221;3.29.3&#8243;][et_pb_column type=&#8221;1_2&#8243; _builder_version=&#8221;3.29.3&#8243;][et_pb_text module_class=&#8221;dct_header&#8221; _builder_version=&#8221;4.9.3&#8243; text_orientation_tablet=&#8221;&#8221; text_orientation_phone=&#8221;&#8221; text_orientation_last_edited=&#8221;on|tablet&#8221;]<\/p>\n<h1>Qui som?<\/h1>\n<p>[\/et_pb_text][\/et_pb_column][et_pb_column type=&#8221;1_2&#8243; _builder_version=&#8221;3.29.3&#8243;][\/et_pb_column][\/et_pb_row][\/et_pb_section][et_pb_section fb_built=&#8221;1&#8243; module_id=&#8221;dct_abt_int&#8221; _builder_version=&#8221;3.29.3&#8243;][et_pb_row column_structure=&#8221;2_5,3_5&#8243; use_custom_gutter=&#8221;on&#8221; gutter_width=&#8221;2&#8243; make_equal=&#8221;on&#8221; _builder_version=&#8221;3.29.3&#8243; max_width=&#8221;1200px&#8221;][et_pb_column type=&#8221;2_5&#8243; _builder_version=&#8221;3.29.3&#8243;][et_pb_image src=&#8221;https:\/\/www.leinad.es\/wp-content\/uploads\/2021\/11\/leinad-empresa-1.jpg&#8221; title_text=&#8221;leinad-empresa&#8221; align_tablet=&#8221;center&#8221; align_phone=&#8221;&#8221; align_last_edited=&#8221;on|tablet&#8221; module_class=&#8221;dc_img_a1&#8243; _builder_version=&#8221;4.9.3&#8243;][\/et_pb_image][et_pb_image src=&#8221;https:\/\/www.leinad.es\/wp-content\/uploads\/2021\/11\/empresa-leinad-1.jpg&#8221; title_text=&#8221;empresa-leinad&#8221; align_tablet=&#8221;center&#8221; align_phone=&#8221;&#8221; align_last_edited=&#8221;on|tablet&#8221; module_class=&#8221;dc_img_a2&#8243; _builder_version=&#8221;4.9.3&#8243;][\/et_pb_image][\/et_pb_column][et_pb_column type=&#8221;3_5&#8243; _builder_version=&#8221;3.29.3&#8243;][et_pb_text module_class=&#8221;dc_abt_title&#8221; _builder_version=&#8221;4.9.3&#8243;]<\/p>\n<p>Leinad<\/p>\n<h2>Log\u00edstica d&#8217;equips i materials<br \/>promocionals des de 1974<\/h2>\n<p>[\/et_pb_text][et_pb_text _builder_version=&#8221;4.9.3&#8243; text_font_size=&#8221;15px&#8221; text_line_height=&#8221;30px&#8221; text_orientation=&#8221;justified&#8221;]<\/p>\n<p>Leinad neix el 1974 com una empresa pionera en l\u2019externalitzaci\u00f3 de serveis log\u00edstics.<\/p>\n<p>[\/et_pb_text][et_pb_text _builder_version=&#8221;4.9.3&#8243; text_font_size=&#8221;15px&#8221; text_line_height=&#8221;30px&#8221; custom_margin=&#8221;||30px||false|false&#8221;]<\/p>\n<h3>Missi\u00f3<\/h3>\n<p>Avui dia LEINAD proporciona solucions log\u00edstiques integrals d&#8217;alt valor afegit, amb l&#8217;aval de l&#8217;experi\u00e8ncia acumulada durant tots aquests anys, i la flexibilitat que permet adaptar-se a les necessitats dels clients de forma personalitzada, convertint les seves despeses fixes en variables.<\/p>\n<p>[\/et_pb_text][et_pb_text _builder_version=&#8221;4.9.3&#8243; text_font_size=&#8221;15px&#8221; text_line_height=&#8221;30px&#8221; custom_margin=&#8221;||30px||false|false&#8221;]<\/p>\n<h3>Els nostres valors:<\/h3>\n<p>[\/et_pb_text][et_pb_blurb image=&#8221;https:\/\/www.leinad.es\/wp-content\/uploads\/2021\/09\/0000_client.png&#8221; icon_placement=&#8221;left&#8221; _builder_version=&#8221;4.9.3&#8243; body_line_height=&#8221;2.2em&#8221; locked=&#8221;off&#8221;]<\/p>\n<p>Orientaci\u00f3 al client<\/p>\n<p>[\/et_pb_blurb][et_pb_blurb image=&#8221;https:\/\/www.leinad.es\/wp-content\/uploads\/2021\/09\/0003_flexible.png&#8221; icon_placement=&#8221;left&#8221; _builder_version=&#8221;4.9.3&#8243; body_line_height=&#8221;2.2em&#8221; locked=&#8221;off&#8221;]<\/p>\n<p>Flexibilitat<\/p>\n<p>[\/et_pb_blurb][et_pb_blurb image=&#8221;https:\/\/www.leinad.es\/wp-content\/uploads\/2021\/09\/0002_personalizacion.png&#8221; icon_placement=&#8221;left&#8221; _builder_version=&#8221;4.9.3&#8243; body_line_height=&#8221;2.2em&#8221; locked=&#8221;off&#8221;]<\/p>\n<p>Personalitzaci\u00f3<\/p>\n<p>[\/et_pb_blurb][et_pb_blurb image=&#8221;https:\/\/www.leinad.es\/wp-content\/uploads\/2021\/09\/0001_mejora.png&#8221; icon_placement=&#8221;left&#8221; _builder_version=&#8221;4.9.3&#8243; body_line_height=&#8221;2.2em&#8221; locked=&#8221;off&#8221;]<\/p>\n<p>Millora constant<\/p>\n<p>[\/et_pb_blurb][et_pb_blurb image=&#8221;https:\/\/www.leinad.es\/wp-content\/uploads\/2021\/09\/0000_excelencia.png&#8221; icon_placement=&#8221;left&#8221; _builder_version=&#8221;4.9.3&#8243; body_line_height=&#8221;2.2em&#8221; locked=&#8221;off&#8221;]<\/p>\n<p>Excel\u00b7l\u00e8ncia<\/p>\n<p>[\/et_pb_blurb][\/et_pb_column][\/et_pb_row][\/et_pb_section]<\/p>\n","protected":false},"excerpt":{"rendered":"<p>Qui som?Leinad Log\u00edstica d&#8217;equips i materialspromocionals des de 1974Leinad neix el 1974 com una empresa pionera en l\u2019externalitzaci\u00f3 de serveis log\u00edstics.Missi\u00f3 Avui dia LEINAD proporciona solucions log\u00edstiques integrals d&#8217;alt valor afegit, amb l&#8217;aval de l&#8217;experi\u00e8ncia acumulada durant tots aquests anys, i la flexibilitat que permet adaptar-se a les necessitats dels clients de forma personalitzada, convertint [&hellip;]<\/p>\n","protected":false},"author":1,"featured_media":0,"parent":0,"menu_order":0,"comment_status":"closed","ping_status":"closed","template":"","meta":{"_et_pb_use_builder":"on","_et_pb_old_content":"","_et_gb_content_width":""},"acf":[],"yoast_head":"<!-- This site is optimized with the Yoast SEO plugin v20.6 - https:\/\/yoast.com\/wordpress\/plugins\/seo\/ -->\n<title>Qui som? - Leinad<\/title>\n<meta name=\"description\" content=\"Log\u00edstica d&#039;equips i materials promocionals des de 1974. Leinad neix el 1974 com una empresa pionera en serveis log\u00edstics.\" \/>\n<meta name=\"robots\" content=\"index, follow, max-snippet:-1, max-image-preview:large, max-video-preview:-1\" \/>\n<link rel=\"canonical\" href=\"https:\/\/www.leinad.es\/ca\/qui-som\/\" \/>\n<meta property=\"og:locale\" content=\"ca_ES\" \/>\n<meta property=\"og:type\" content=\"article\" \/>\n<meta property=\"og:title\" content=\"Qui som? - Leinad\" \/>\n<meta property=\"og:description\" content=\"Log\u00edstica d&#039;equips i materials promocionals des de 1974. Leinad neix el 1974 com una empresa pionera en serveis log\u00edstics.\" \/>\n<meta property=\"og:url\" content=\"https:\/\/www.leinad.es\/ca\/qui-som\/\" \/>\n<meta property=\"og:site_name\" content=\"Leinad\" \/>\n<meta property=\"article:modified_time\" content=\"2021-11-05T13:34:48+00:00\" \/>\n<meta name=\"twitter:card\" content=\"summary_large_image\" \/>\n<meta name=\"twitter:label1\" content=\"Temps estimat de lectura\" \/>\n\t<meta name=\"twitter:data1\" content=\"3 minuts\" \/>\n<script type=\"application\/ld+json\" class=\"yoast-schema-graph\">{\"@context\":\"https:\/\/schema.org\",\"@graph\":[{\"@type\":\"WebPage\",\"@id\":\"https:\/\/www.leinad.es\/ca\/qui-som\/\",\"url\":\"https:\/\/www.leinad.es\/ca\/qui-som\/\",\"name\":\"Qui som? - Leinad\",\"isPartOf\":{\"@id\":\"https:\/\/www.leinad.es\/ca\/#website\"},\"datePublished\":\"2021-10-28T15:11:30+00:00\",\"dateModified\":\"2021-11-05T13:34:48+00:00\",\"description\":\"Log\u00edstica d'equips i materials promocionals des de 1974. Leinad neix el 1974 com una empresa pionera en serveis log\u00edstics.\",\"breadcrumb\":{\"@id\":\"https:\/\/www.leinad.es\/ca\/qui-som\/#breadcrumb\"},\"inLanguage\":\"ca\",\"potentialAction\":[{\"@type\":\"ReadAction\",\"target\":[\"https:\/\/www.leinad.es\/ca\/qui-som\/\"]}]},{\"@type\":\"BreadcrumbList\",\"@id\":\"https:\/\/www.leinad.es\/ca\/qui-som\/#breadcrumb\",\"itemListElement\":[{\"@type\":\"ListItem\",\"position\":1,\"name\":\"Portada\",\"item\":\"https:\/\/www.leinad.es\/ca\/\"},{\"@type\":\"ListItem\",\"position\":2,\"name\":\"Qui som\"}]},{\"@type\":\"WebSite\",\"@id\":\"https:\/\/www.leinad.es\/ca\/#website\",\"url\":\"https:\/\/www.leinad.es\/ca\/\",\"name\":\"Leinad\",\"description\":\"Wordpress base LTW\",\"potentialAction\":[{\"@type\":\"SearchAction\",\"target\":{\"@type\":\"EntryPoint\",\"urlTemplate\":\"https:\/\/www.leinad.es\/ca\/?s={search_term_string}\"},\"query-input\":\"required name=search_term_string\"}],\"inLanguage\":\"ca\"}]}<\/script>\n<!-- \/ Yoast SEO plugin. -->","yoast_head_json":{"title":"Qui som? - Leinad","description":"Log\u00edstica d'equips i materials promocionals des de 1974. Leinad neix el 1974 com una empresa pionera en serveis log\u00edstics.","robots":{"index":"index","follow":"follow","max-snippet":"max-snippet:-1","max-image-preview":"max-image-preview:large","max-video-preview":"max-video-preview:-1"},"canonical":"https:\/\/www.leinad.es\/ca\/qui-som\/","og_locale":"ca_ES","og_type":"article","og_title":"Qui som? - Leinad","og_description":"Log\u00edstica d'equips i materials promocionals des de 1974. Leinad neix el 1974 com una empresa pionera en serveis log\u00edstics.","og_url":"https:\/\/www.leinad.es\/ca\/qui-som\/","og_site_name":"Leinad","article_modified_time":"2021-11-05T13:34:48+00:00","twitter_card":"summary_large_image","twitter_misc":{"Temps estimat de lectura":"3 minuts"},"schema":{"@context":"https:\/\/schema.org","@graph":[{"@type":"WebPage","@id":"https:\/\/www.leinad.es\/ca\/qui-som\/","url":"https:\/\/www.leinad.es\/ca\/qui-som\/","name":"Qui som? - Leinad","isPartOf":{"@id":"https:\/\/www.leinad.es\/ca\/#website"},"datePublished":"2021-10-28T15:11:30+00:00","dateModified":"2021-11-05T13:34:48+00:00","description":"Log\u00edstica d'equips i materials promocionals des de 1974. Leinad neix el 1974 com una empresa pionera en serveis log\u00edstics.","breadcrumb":{"@id":"https:\/\/www.leinad.es\/ca\/qui-som\/#breadcrumb"},"inLanguage":"ca","potentialAction":[{"@type":"ReadAction","target":["https:\/\/www.leinad.es\/ca\/qui-som\/"]}]},{"@type":"BreadcrumbList","@id":"https:\/\/www.leinad.es\/ca\/qui-som\/#breadcrumb","itemListElement":[{"@type":"ListItem","position":1,"name":"Portada","item":"https:\/\/www.leinad.es\/ca\/"},{"@type":"ListItem","position":2,"name":"Qui som"}]},{"@type":"WebSite","@id":"https:\/\/www.leinad.es\/ca\/#website","url":"https:\/\/www.leinad.es\/ca\/","name":"Leinad","description":"Wordpress base LTW","potentialAction":[{"@type":"SearchAction","target":{"@type":"EntryPoint","urlTemplate":"https:\/\/www.leinad.es\/ca\/?s={search_term_string}"},"query-input":"required name=search_term_string"}],"inLanguage":"ca"}]}},"_links":{"self":[{"href":"https:\/\/www.leinad.es\/ca\/wp-json\/wp\/v2\/pages\/1246"}],"collection":[{"href":"https:\/\/www.leinad.es\/ca\/wp-json\/wp\/v2\/pages"}],"about":[{"href":"https:\/\/www.leinad.es\/ca\/wp-json\/wp\/v2\/types\/page"}],"author":[{"embeddable":true,"href":"https:\/\/www.leinad.es\/ca\/wp-json\/wp\/v2\/users\/1"}],"replies":[{"embeddable":true,"href":"https:\/\/www.leinad.es\/ca\/wp-json\/wp\/v2\/comments?post=1246"}],"version-history":[{"count":6,"href":"https:\/\/www.leinad.es\/ca\/wp-json\/wp\/v2\/pages\/1246\/revisions"}],"predecessor-version":[{"id":1495,"href":"https:\/\/www.leinad.es\/ca\/wp-json\/wp\/v2\/pages\/1246\/revisions\/1495"}],"wp:attachment":[{"href":"https:\/\/www.leinad.es\/ca\/wp-json\/wp\/v2\/media?parent=1246"}],"curies":[{"name":"wp","href":"https:\/\/api.w.org\/{rel}","templated":true}]}}